{"id":76,"date":"2018-08-13T12:33:15","date_gmt":"2018-08-13T10:33:15","guid":{"rendered":"http:\/\/kevingiailevra.com\/?page_id=76"},"modified":"2020-11-11T12:01:38","modified_gmt":"2020-11-11T10:01:38","slug":"social","status":"publish","type":"page","link":"https:\/\/kevingiailevra.com\/en\/social\/","title":{"rendered":"Digital"},"content":{"rendered":"<p><a data-elementor-open-lightbox=\"yes\" data-elementor-lightbox-slideshow=\"7ae2166\" data-elementor-lightbox-title=\"Appel d&#039;offres - pr\u00e9sentation du concept cr\u00e9atif avec intentions visuelles\" data-elementor-lightbox-description=\"Directrices Artistiques : Melissa Vincent, G\u00e9raldine Bastard de Crisnay\" href=\"http:\/\/kevingiailevra.com\/wp-content\/uploads\/2018\/08\/melaniealizee.jpg.004.jpeg\" data-rel=\"lightbox-image-0\" data-rl_title=\"\" data-rl_caption=\"\" title=\"\"><\/p>\n<figure><img decoding=\"async\" src=\"http:\/\/kevingiailevra.com\/wp-content\/uploads\/2018\/08\/melaniealizee.jpg.004.jpeg\" alt=\"Appel d&#039;offres - pr\u00e9sentation du concept cr\u00e9atif avec intentions visuelles\" \/><\/figure>\n<p><\/a><a data-elementor-open-lightbox=\"yes\" data-elementor-lightbox-slideshow=\"7ae2166\" data-elementor-lightbox-title=\"Appel d&#039;offres - pr\u00e9sentation du concept cr\u00e9atif avec intentions visuelles\" data-elementor-lightbox-description=\"Directrices Artistiques : Melissa Vincent, G\u00e9raldine Bastard de Crisnay\" href=\"http:\/\/kevingiailevra.com\/wp-content\/uploads\/2018\/08\/melaniealizee.jpg.005.jpeg\" data-rel=\"lightbox-image-1\" data-rl_title=\"\" data-rl_caption=\"\" title=\"\"><\/p>\n<figure><img decoding=\"async\" src=\"http:\/\/kevingiailevra.com\/wp-content\/uploads\/2018\/08\/melaniealizee.jpg.005.jpeg\" alt=\"Appel d&#039;offres - pr\u00e9sentation du concept cr\u00e9atif avec intentions visuelles\" \/><\/figure>\n<p><\/a><a data-elementor-open-lightbox=\"yes\" data-elementor-lightbox-slideshow=\"7ae2166\" data-elementor-lightbox-title=\"Appel d&#039;offres - pr\u00e9sentation du concept cr\u00e9atif avec intentions visuelles\" data-elementor-lightbox-description=\"Directrices Artistiques : Melissa Vincent, G\u00e9raldine Bastard de Crisnay\" href=\"http:\/\/kevingiailevra.com\/wp-content\/uploads\/2018\/08\/melaniealizee.jpg.006.jpeg\" data-rel=\"lightbox-image-2\" data-rl_title=\"\" data-rl_caption=\"\" title=\"\"><\/p>\n<figure><img decoding=\"async\" src=\"http:\/\/kevingiailevra.com\/wp-content\/uploads\/2018\/08\/melaniealizee.jpg.006.jpeg\" alt=\"Appel d&#039;offres - pr\u00e9sentation du concept cr\u00e9atif avec intentions visuelles\" \/><\/figure>\n<p><\/a><a data-elementor-open-lightbox=\"yes\" data-elementor-lightbox-slideshow=\"7ae2166\" data-elementor-lightbox-title=\"Appel d&#039;offres - pr\u00e9sentation du concept cr\u00e9atif avec intentions visuelles\" data-elementor-lightbox-description=\"Directrices Artistiques : Melissa Vincent, G\u00e9raldine Bastard de Crisnay\" href=\"http:\/\/kevingiailevra.com\/wp-content\/uploads\/2018\/08\/melaniealizee.jpg.007.jpeg\" data-rel=\"lightbox-image-3\" data-rl_title=\"\" data-rl_caption=\"\" title=\"\"><\/p>\n<figure><img decoding=\"async\" src=\"http:\/\/kevingiailevra.com\/wp-content\/uploads\/2018\/08\/melaniealizee.jpg.007.jpeg\" alt=\"Appel d&#039;offres - pr\u00e9sentation du concept cr\u00e9atif avec intentions visuelles\" \/><\/figure>\n<p><\/a><a data-elementor-open-lightbox=\"yes\" data-elementor-lightbox-slideshow=\"7ae2166\" data-elementor-lightbox-title=\"Appel d&#039;offres - pr\u00e9sentation du concept cr\u00e9atif avec intentions visuelles\" data-elementor-lightbox-description=\"Directrices Artistiques : Melissa Vincent, G\u00e9raldine Bastard de Crisnay\" href=\"http:\/\/kevingiailevra.com\/wp-content\/uploads\/2018\/08\/melaniealizee.jpg.008.jpeg\" data-rel=\"lightbox-image-4\" data-rl_title=\"\" data-rl_caption=\"\" title=\"\"><\/p>\n<figure><img decoding=\"async\" src=\"http:\/\/kevingiailevra.com\/wp-content\/uploads\/2018\/08\/melaniealizee.jpg.008.jpeg\" alt=\"Appel d&#039;offres - pr\u00e9sentation du concept cr\u00e9atif avec intentions visuelles\" \/><\/figure>\n<p><\/a><a data-elementor-open-lightbox=\"yes\" data-elementor-lightbox-slideshow=\"7ae2166\" data-elementor-lightbox-title=\"Appel d&#039;offres - pr\u00e9sentation du concept cr\u00e9atif avec intentions visuelles\" data-elementor-lightbox-description=\"Directrices Artistiques : Melissa Vincent, G\u00e9raldine Bastard de Crisnay\" href=\"http:\/\/kevingiailevra.com\/wp-content\/uploads\/2018\/08\/melaniealizee.jpg.009.jpeg\" data-rel=\"lightbox-image-5\" data-rl_title=\"\" data-rl_caption=\"\" title=\"\"><\/p>\n<figure><img decoding=\"async\" src=\"http:\/\/kevingiailevra.com\/wp-content\/uploads\/2018\/08\/melaniealizee.jpg.009.jpeg\" alt=\"Appel d&#039;offres - pr\u00e9sentation du concept cr\u00e9atif avec intentions visuelles\" \/><\/figure>\n<p><\/a><br \/>\n\t\t\t\t\t\tPr\u00e9c\u00e9dent<br \/>\n\t\t\t\t\t\tSuivant<br \/>\n\t\t\t\t<a data-elementor-open-lightbox=\"yes\" data-elementor-lightbox-slideshow=\"7c86489\" data-elementor-lightbox-title=\"Appel d&#039;offres - pr\u00e9sentation du concept cr\u00e9atif avec intentions visuelles\" data-elementor-lightbox-description=\"Directrices Artistiques : Melissa Vincent, G\u00e9raldine Bastard de Crisnay\" href=\"http:\/\/kevingiailevra.com\/wp-content\/uploads\/2018\/08\/melaniealizee.jpg.010.jpeg\" data-rel=\"lightbox-image-6\" data-rl_title=\"\" data-rl_caption=\"\" title=\"\"><\/p>\n<figure><img decoding=\"async\" src=\"http:\/\/kevingiailevra.com\/wp-content\/uploads\/2018\/08\/melaniealizee.jpg.010.jpeg\" alt=\"Appel d&#039;offres - pr\u00e9sentation du concept cr\u00e9atif avec intentions visuelles\" \/><\/figure>\n<p><\/a><a data-elementor-open-lightbox=\"yes\" data-elementor-lightbox-slideshow=\"7c86489\" data-elementor-lightbox-title=\"Appel d&#039;offres - pr\u00e9sentation du concept cr\u00e9atif avec intentions visuelles\" data-elementor-lightbox-description=\"Directrices Artistiques : Melissa Vincent, G\u00e9raldine Bastard de Crisnay\" href=\"http:\/\/kevingiailevra.com\/wp-content\/uploads\/2018\/08\/melaniealizee.jpg.014.jpeg\" data-rel=\"lightbox-image-7\" data-rl_title=\"\" data-rl_caption=\"\" title=\"\"><\/p>\n<figure><img decoding=\"async\" src=\"http:\/\/kevingiailevra.com\/wp-content\/uploads\/2018\/08\/melaniealizee.jpg.014.jpeg\" alt=\"Appel d&#039;offres - pr\u00e9sentation du concept cr\u00e9atif avec intentions visuelles\" \/><\/figure>\n<p><\/a><a data-elementor-open-lightbox=\"yes\" data-elementor-lightbox-slideshow=\"7c86489\" data-elementor-lightbox-title=\"Appel d&#039;offres - pr\u00e9sentation du concept cr\u00e9atif avec intentions visuelles\" data-elementor-lightbox-description=\"Directrices Artistiques : Melissa Vincent, G\u00e9raldine Bastard de Crisnay\" href=\"http:\/\/kevingiailevra.com\/wp-content\/uploads\/2018\/08\/melaniealizee.jpg.013.jpeg\" data-rel=\"lightbox-image-8\" data-rl_title=\"\" data-rl_caption=\"\" title=\"\"><\/p>\n<figure><img decoding=\"async\" src=\"http:\/\/kevingiailevra.com\/wp-content\/uploads\/2018\/08\/melaniealizee.jpg.013.jpeg\" alt=\"Appel d&#039;offres - pr\u00e9sentation du concept cr\u00e9atif avec intentions visuelles\" \/><\/figure>\n<p><\/a><a data-elementor-open-lightbox=\"yes\" data-elementor-lightbox-slideshow=\"7c86489\" data-elementor-lightbox-title=\"Appel d&#039;offres - pr\u00e9sentation du concept cr\u00e9atif avec intentions visuelles\" data-elementor-lightbox-description=\"Directrices Artistiques : Melissa Vincent, G\u00e9raldine Bastard de Crisnay\" href=\"http:\/\/kevingiailevra.com\/wp-content\/uploads\/2018\/08\/melaniealizee.jpg.012.jpeg\" data-rel=\"lightbox-image-9\" data-rl_title=\"\" data-rl_caption=\"\" title=\"\"><\/p>\n<figure><img decoding=\"async\" src=\"http:\/\/kevingiailevra.com\/wp-content\/uploads\/2018\/08\/melaniealizee.jpg.012.jpeg\" alt=\"Appel d&#039;offres - pr\u00e9sentation du concept cr\u00e9atif avec intentions visuelles\" \/><\/figure>\n<p><\/a><br \/>\n\t\t\t\t\t\tPr\u00e9c\u00e9dent<br \/>\n\t\t\t\t\t\tSuivant<br \/>\n\t\t\t\t<a data-elementor-open-lightbox=\"yes\" data-elementor-lightbox-slideshow=\"1856150\" data-elementor-lightbox-title=\"Diapositives issues de la pr\u00e9sentation client\" data-elementor-lightbox-description=\"Directeur Artistique : Thomas Poitte\" href=\"http:\/\/kevingiailevra.com\/wp-content\/uploads\/2020\/11\/Jameson-Lebanon.001.jpeg\" data-rel=\"lightbox-image-10\" data-rl_title=\"\" data-rl_caption=\"\" title=\"\"><\/p>\n<figure><img decoding=\"async\" src=\"http:\/\/kevingiailevra.com\/wp-content\/uploads\/2020\/11\/Jameson-Lebanon.001.jpeg\" alt=\"Diapositives issues de la pr\u00e9sentation client\" \/><\/figure>\n<p><\/a><a data-elementor-open-lightbox=\"yes\" data-elementor-lightbox-slideshow=\"1856150\" data-elementor-lightbox-title=\"Diapositives issues de la pr\u00e9sentation client\" data-elementor-lightbox-description=\"Directeur Artistique : Thomas Poitte\" href=\"http:\/\/kevingiailevra.com\/wp-content\/uploads\/2020\/11\/Jameson-Lebanon.002.jpeg\" data-rel=\"lightbox-image-11\" data-rl_title=\"\" data-rl_caption=\"\" title=\"\"><\/p>\n<figure><img decoding=\"async\" src=\"http:\/\/kevingiailevra.com\/wp-content\/uploads\/2020\/11\/Jameson-Lebanon.002.jpeg\" alt=\"Diapositives issues de la pr\u00e9sentation client\" \/><\/figure>\n<p><\/a><a data-elementor-open-lightbox=\"yes\" data-elementor-lightbox-slideshow=\"1856150\" data-elementor-lightbox-title=\"Diapositives issues de la pr\u00e9sentation client\" data-elementor-lightbox-description=\"Directeur Artistique : Thomas Poitte\" href=\"http:\/\/kevingiailevra.com\/wp-content\/uploads\/2020\/11\/Jameson-Lebanon.003.jpeg\" data-rel=\"lightbox-image-12\" data-rl_title=\"\" data-rl_caption=\"\" title=\"\"><\/p>\n<figure><img decoding=\"async\" src=\"http:\/\/kevingiailevra.com\/wp-content\/uploads\/2020\/11\/Jameson-Lebanon.003.jpeg\" alt=\"Diapositives issues de la pr\u00e9sentation client\" \/><\/figure>\n<p><\/a><a data-elementor-open-lightbox=\"yes\" data-elementor-lightbox-slideshow=\"1856150\" data-elementor-lightbox-title=\"Diapositives issues de la pr\u00e9sentation client\" data-elementor-lightbox-description=\"Directeur Artistique : Thomas Poitte\" href=\"http:\/\/kevingiailevra.com\/wp-content\/uploads\/2020\/11\/Jameson-Lebanon.004.jpeg\" data-rel=\"lightbox-image-13\" data-rl_title=\"\" data-rl_caption=\"\" title=\"\"><\/p>\n<figure><img decoding=\"async\" src=\"http:\/\/kevingiailevra.com\/wp-content\/uploads\/2020\/11\/Jameson-Lebanon.004.jpeg\" alt=\"Diapositives issues de la pr\u00e9sentation client\" \/><\/figure>\n<p><\/a><a data-elementor-open-lightbox=\"yes\" data-elementor-lightbox-slideshow=\"1856150\" data-elementor-lightbox-title=\"Diapositives issues de la pr\u00e9sentation client\" data-elementor-lightbox-description=\"Directeur Artistique : Thomas Poitte\" href=\"http:\/\/kevingiailevra.com\/wp-content\/uploads\/2020\/11\/Jameson-Lebanon.008.jpeg\" data-rel=\"lightbox-image-14\" data-rl_title=\"\" data-rl_caption=\"\" title=\"\"><\/p>\n<figure><img decoding=\"async\" src=\"http:\/\/kevingiailevra.com\/wp-content\/uploads\/2020\/11\/Jameson-Lebanon.008.jpeg\" alt=\"Diapositives issues de la pr\u00e9sentation client\" \/><\/figure>\n<p><\/a><a data-elementor-open-lightbox=\"yes\" data-elementor-lightbox-slideshow=\"1856150\" data-elementor-lightbox-title=\"Diapositives issues de la pr\u00e9sentation client\" data-elementor-lightbox-description=\"Directeur Artistique : Thomas Poitte\" href=\"http:\/\/kevingiailevra.com\/wp-content\/uploads\/2020\/11\/Jameson-Lebanon.015.jpeg\" data-rel=\"lightbox-image-15\" data-rl_title=\"\" data-rl_caption=\"\" title=\"\"><\/p>\n<figure><img decoding=\"async\" src=\"http:\/\/kevingiailevra.com\/wp-content\/uploads\/2020\/11\/Jameson-Lebanon.015.jpeg\" alt=\"Diapositives issues de la pr\u00e9sentation client\" \/><\/figure>\n<p><\/a><a data-elementor-open-lightbox=\"yes\" data-elementor-lightbox-slideshow=\"1856150\" data-elementor-lightbox-title=\"Diapositives issues de la pr\u00e9sentation client\" data-elementor-lightbox-description=\"Directeur Artistique : Thomas Poitte\" href=\"http:\/\/kevingiailevra.com\/wp-content\/uploads\/2020\/11\/Jameson-Lebanon.016.jpeg\" data-rel=\"lightbox-image-16\" data-rl_title=\"\" data-rl_caption=\"\" title=\"\"><\/p>\n<figure><img decoding=\"async\" src=\"http:\/\/kevingiailevra.com\/wp-content\/uploads\/2020\/11\/Jameson-Lebanon.016.jpeg\" alt=\"Diapositives issues de la pr\u00e9sentation client\" \/><\/figure>\n<p><\/a><a data-elementor-open-lightbox=\"yes\" data-elementor-lightbox-slideshow=\"1856150\" data-elementor-lightbox-title=\"Diapositives issues de la pr\u00e9sentation client\" data-elementor-lightbox-description=\"Directeur Artistique : Thomas Poitte\" href=\"http:\/\/kevingiailevra.com\/wp-content\/uploads\/2020\/11\/Jameson-Lebanon.017.jpeg\" data-rel=\"lightbox-image-17\" data-rl_title=\"\" data-rl_caption=\"\" title=\"\"><\/p>\n<figure><img decoding=\"async\" src=\"http:\/\/kevingiailevra.com\/wp-content\/uploads\/2020\/11\/Jameson-Lebanon.017.jpeg\" alt=\"Diapositives issues de la pr\u00e9sentation client\" \/><\/figure>\n<p><\/a><a data-elementor-open-lightbox=\"yes\" data-elementor-lightbox-slideshow=\"1856150\" data-elementor-lightbox-title=\"Diapositives issues de la pr\u00e9sentation client\" data-elementor-lightbox-description=\"Directeur Artistique : Thomas Poitte\" href=\"http:\/\/kevingiailevra.com\/wp-content\/uploads\/2020\/11\/Jameson-Lebanon.020.jpeg\" data-rel=\"lightbox-image-18\" data-rl_title=\"\" data-rl_caption=\"\" title=\"\"><\/p>\n<figure><img decoding=\"async\" src=\"http:\/\/kevingiailevra.com\/wp-content\/uploads\/2020\/11\/Jameson-Lebanon.020.jpeg\" alt=\"Diapositives issues de la pr\u00e9sentation client\" \/><\/figure>\n<p><\/a><a data-elementor-open-lightbox=\"yes\" data-elementor-lightbox-slideshow=\"1856150\" data-elementor-lightbox-title=\"Diapositives issues de la pr\u00e9sentation client\" data-elementor-lightbox-description=\"Directeur Artistique : Thomas Poitte\" href=\"http:\/\/kevingiailevra.com\/wp-content\/uploads\/2020\/11\/Jameson-Lebanon.021.jpeg\" data-rel=\"lightbox-image-19\" data-rl_title=\"\" data-rl_caption=\"\" title=\"\"><\/p>\n<figure><img decoding=\"async\" src=\"http:\/\/kevingiailevra.com\/wp-content\/uploads\/2020\/11\/Jameson-Lebanon.021.jpeg\" alt=\"Diapositives issues de la pr\u00e9sentation client\" \/><\/figure>\n<p><\/a><a data-elementor-open-lightbox=\"yes\" data-elementor-lightbox-slideshow=\"1856150\" data-elementor-lightbox-title=\"Diapositives issues de la pr\u00e9sentation client\" data-elementor-lightbox-description=\"Directeur Artistique : Thomas Poitte\" href=\"http:\/\/kevingiailevra.com\/wp-content\/uploads\/2020\/11\/Jameson-Lebanon.022.jpeg\" data-rel=\"lightbox-image-20\" data-rl_title=\"\" data-rl_caption=\"\" title=\"\"><\/p>\n<figure><img decoding=\"async\" src=\"http:\/\/kevingiailevra.com\/wp-content\/uploads\/2020\/11\/Jameson-Lebanon.022.jpeg\" alt=\"Diapositives issues de la pr\u00e9sentation client\" \/><\/figure>\n<p><\/a><br \/>\n\t\t\t\t\t\tPr\u00e9c\u00e9dent<br \/>\n\t\t\t\t\t\tSuivant<\/p>\n","protected":false},"excerpt":{"rendered":"<p>Pr\u00e9c\u00e9dent Suivant Pr\u00e9c\u00e9dent Suivant Pr\u00e9c\u00e9dent Suivant<\/p>\n","protected":false},"author":1,"featured_media":0,"parent":0,"menu_order":0,"comment_status":"closed","ping_status":"closed","template":"","meta":{"footnotes":""},"class_list":["post-76","page","type-page","status-publish","hentry"],"yoast_head":"<!-- This site is optimized with the Yoast SEO plugin v27.5 - https:\/\/yoast.com\/product\/yoast-seo-wordpress\/ -->\n<title>Digital - Kevin Giai-Levra<\/title>\n<meta name=\"robots\" content=\"index, follow, max-snippet:-1, max-image-preview:large, max-video-preview:-1\" \/>\n<link rel=\"canonical\" href=\"https:\/\/kevingiailevra.com\/social\/\" \/>\n<meta property=\"og:locale\" content=\"en_US\" \/>\n<meta property=\"og:type\" content=\"article\" \/>\n<meta property=\"og:title\" content=\"Digital - Kevin Giai-Levra\" \/>\n<meta property=\"og:description\" content=\"Pr\u00e9c\u00e9dent Suivant Pr\u00e9c\u00e9dent Suivant Pr\u00e9c\u00e9dent Suivant\" \/>\n<meta property=\"og:url\" content=\"https:\/\/kevingiailevra.com\/social\/\" \/>\n<meta property=\"og:site_name\" content=\"Kevin Giai-Levra\" \/>\n<meta property=\"article:modified_time\" content=\"2020-11-11T10:01:38+00:00\" \/>\n<meta property=\"og:image\" content=\"http:\/\/kevingiailevra.com\/wp-content\/uploads\/2018\/08\/melaniealizee.jpg.004.jpeg\" \/>\n<meta name=\"twitter:card\" content=\"summary_large_image\" \/>\n<script type=\"application\/ld+json\" class=\"yoast-schema-graph\">{\"@context\":\"https:\\\/\\\/schema.org\",\"@graph\":[{\"@type\":\"WebPage\",\"@id\":\"https:\\\/\\\/kevingiailevra.com\\\/social\\\/\",\"url\":\"https:\\\/\\\/kevingiailevra.com\\\/social\\\/\",\"name\":\"Digital - Kevin Giai-Levra\",\"isPartOf\":{\"@id\":\"https:\\\/\\\/kevingiailevra.com\\\/#website\"},\"primaryImageOfPage\":{\"@id\":\"https:\\\/\\\/kevingiailevra.com\\\/social\\\/#primaryimage\"},\"image\":{\"@id\":\"https:\\\/\\\/kevingiailevra.com\\\/social\\\/#primaryimage\"},\"thumbnailUrl\":\"http:\\\/\\\/kevingiailevra.com\\\/wp-content\\\/uploads\\\/2018\\\/08\\\/melaniealizee.jpg.004.jpeg\",\"datePublished\":\"2018-08-13T10:33:15+00:00\",\"dateModified\":\"2020-11-11T10:01:38+00:00\",\"breadcrumb\":{\"@id\":\"https:\\\/\\\/kevingiailevra.com\\\/social\\\/#breadcrumb\"},\"inLanguage\":\"en-US\",\"potentialAction\":[{\"@type\":\"ReadAction\",\"target\":[\"https:\\\/\\\/kevingiailevra.com\\\/social\\\/\"]}]},{\"@type\":\"ImageObject\",\"inLanguage\":\"en-US\",\"@id\":\"https:\\\/\\\/kevingiailevra.com\\\/social\\\/#primaryimage\",\"url\":\"http:\\\/\\\/kevingiailevra.com\\\/wp-content\\\/uploads\\\/2018\\\/08\\\/melaniealizee.jpg.004.jpeg\",\"contentUrl\":\"http:\\\/\\\/kevingiailevra.com\\\/wp-content\\\/uploads\\\/2018\\\/08\\\/melaniealizee.jpg.004.jpeg\"},{\"@type\":\"BreadcrumbList\",\"@id\":\"https:\\\/\\\/kevingiailevra.com\\\/social\\\/#breadcrumb\",\"itemListElement\":[{\"@type\":\"ListItem\",\"position\":1,\"name\":\"Accueil\",\"item\":\"https:\\\/\\\/kevingiailevra.com\\\/\"},{\"@type\":\"ListItem\",\"position\":2,\"name\":\"Social\"}]},{\"@type\":\"WebSite\",\"@id\":\"https:\\\/\\\/kevingiailevra.com\\\/#website\",\"url\":\"https:\\\/\\\/kevingiailevra.com\\\/\",\"name\":\"Kevin Giai-Levra\",\"description\":\"Creative copywriter &amp; strategist. Human golden retriever.\",\"potentialAction\":[{\"@type\":\"SearchAction\",\"target\":{\"@type\":\"EntryPoint\",\"urlTemplate\":\"https:\\\/\\\/kevingiailevra.com\\\/?s={search_term_string}\"},\"query-input\":{\"@type\":\"PropertyValueSpecification\",\"valueRequired\":true,\"valueName\":\"search_term_string\"}}],\"inLanguage\":\"en-US\"}]}<\/script>\n<!-- \/ Yoast SEO plugin. -->","yoast_head_json":{"title":"Digital - Kevin Giai-Levra","robots":{"index":"index","follow":"follow","max-snippet":"max-snippet:-1","max-image-preview":"max-image-preview:large","max-video-preview":"max-video-preview:-1"},"canonical":"https:\/\/kevingiailevra.com\/social\/","og_locale":"en_US","og_type":"article","og_title":"Digital - Kevin Giai-Levra","og_description":"Pr\u00e9c\u00e9dent Suivant Pr\u00e9c\u00e9dent Suivant Pr\u00e9c\u00e9dent Suivant","og_url":"https:\/\/kevingiailevra.com\/social\/","og_site_name":"Kevin Giai-Levra","article_modified_time":"2020-11-11T10:01:38+00:00","og_image":[{"url":"http:\/\/kevingiailevra.com\/wp-content\/uploads\/2018\/08\/melaniealizee.jpg.004.jpeg","type":"","width":"","height":""}],"twitter_card":"summary_large_image","schema":{"@context":"https:\/\/schema.org","@graph":[{"@type":"WebPage","@id":"https:\/\/kevingiailevra.com\/social\/","url":"https:\/\/kevingiailevra.com\/social\/","name":"Digital - Kevin Giai-Levra","isPartOf":{"@id":"https:\/\/kevingiailevra.com\/#website"},"primaryImageOfPage":{"@id":"https:\/\/kevingiailevra.com\/social\/#primaryimage"},"image":{"@id":"https:\/\/kevingiailevra.com\/social\/#primaryimage"},"thumbnailUrl":"http:\/\/kevingiailevra.com\/wp-content\/uploads\/2018\/08\/melaniealizee.jpg.004.jpeg","datePublished":"2018-08-13T10:33:15+00:00","dateModified":"2020-11-11T10:01:38+00:00","breadcrumb":{"@id":"https:\/\/kevingiailevra.com\/social\/#breadcrumb"},"inLanguage":"en-US","potentialAction":[{"@type":"ReadAction","target":["https:\/\/kevingiailevra.com\/social\/"]}]},{"@type":"ImageObject","inLanguage":"en-US","@id":"https:\/\/kevingiailevra.com\/social\/#primaryimage","url":"http:\/\/kevingiailevra.com\/wp-content\/uploads\/2018\/08\/melaniealizee.jpg.004.jpeg","contentUrl":"http:\/\/kevingiailevra.com\/wp-content\/uploads\/2018\/08\/melaniealizee.jpg.004.jpeg"},{"@type":"BreadcrumbList","@id":"https:\/\/kevingiailevra.com\/social\/#breadcrumb","itemListElement":[{"@type":"ListItem","position":1,"name":"Accueil","item":"https:\/\/kevingiailevra.com\/"},{"@type":"ListItem","position":2,"name":"Social"}]},{"@type":"WebSite","@id":"https:\/\/kevingiailevra.com\/#website","url":"https:\/\/kevingiailevra.com\/","name":"Kevin Giai-Levra","description":"Creative copywriter &amp; strategist. Human golden retriever.","potentialAction":[{"@type":"SearchAction","target":{"@type":"EntryPoint","urlTemplate":"https:\/\/kevingiailevra.com\/?s={search_term_string}"},"query-input":{"@type":"PropertyValueSpecification","valueRequired":true,"valueName":"search_term_string"}}],"inLanguage":"en-US"}]}},"_links":{"self":[{"href":"https:\/\/kevingiailevra.com\/en\/wp-json\/wp\/v2\/pages\/76","targetHints":{"allow":["GET"]}}],"collection":[{"href":"https:\/\/kevingiailevra.com\/en\/wp-json\/wp\/v2\/pages"}],"about":[{"href":"https:\/\/kevingiailevra.com\/en\/wp-json\/wp\/v2\/types\/page"}],"author":[{"embeddable":true,"href":"https:\/\/kevingiailevra.com\/en\/wp-json\/wp\/v2\/users\/1"}],"replies":[{"embeddable":true,"href":"https:\/\/kevingiailevra.com\/en\/wp-json\/wp\/v2\/comments?post=76"}],"version-history":[{"count":0,"href":"https:\/\/kevingiailevra.com\/en\/wp-json\/wp\/v2\/pages\/76\/revisions"}],"wp:attachment":[{"href":"https:\/\/kevingiailevra.com\/en\/wp-json\/wp\/v2\/media?parent=76"}],"curies":[{"name":"wp","href":"https:\/\/api.w.org\/{rel}","templated":true}]}}