{"id":242,"date":"2018-10-25T22:03:37","date_gmt":"2018-10-25T20:03:37","guid":{"rendered":"http:\/\/kevingiailevra.com\/?page_id=242"},"modified":"2018-10-25T22:20:16","modified_gmt":"2018-10-25T20:20:16","slug":"opel","status":"publish","type":"page","link":"https:\/\/kevingiailevra.com\/en\/opel\/","title":{"rendered":"Opel"},"content":{"rendered":"<p><\/p>\n<h5>Un film de voiture aux millions de possibilit\u00e9s.<\/h5>\n<p>Le point de d\u00e9part :<br \/>Opel sort l\u2019Insignia Exclusive Edition. Un v\u00e9hicule personnalisable dans des millions de coloris.<br \/>Pour sa promotion, la marque a imagin\u00e9 une application permettant de voir la voiture en r\u00e9alit\u00e9 augment\u00e9e dans la couleur de son choix.<\/p>\n<p>L\u2019id\u00e9e\u00a0:<br \/>Et si on s\u2019en servait pour r\u00e9aliser un film que l\u2019on pourra red\u00e9couvrir autant de fois que la voiture afin de nous aider \u00e0 faire un choix ?<br \/>Dans une vid\u00e9o post\u00e9e sur les r\u00e9seaux sociaux, le capteur de l&#8217;application permettant de voir la voiture se d\u00e9place dans diff\u00e9rents d\u00e9cors.<br \/>Des routes enneig\u00e9es aux chemins sinueux de la C\u00f4te d&#8217;Azur, l&#8217;utilisateur peut ainsi choisir la voiture de son choix et la visualiser dans toutes les conditions.<\/p>\n<p>\t\t\t\t\t\t\t\t\t\t\t<a href=\"http:\/\/kevingiailevra.com\/wp-content\/uploads\/2018\/10\/amillionways.png\" data-elementor-open-lightbox=\"yes\" data-rel=\"lightbox-image-3\" data-rl_title=\"\" data-rl_caption=\"\" title=\"\"><br \/>\n\t\t\t\t\t\t\t<img loading=\"lazy\" decoding=\"async\" width=\"768\" height=\"433\" src=\"http:\/\/kevingiailevra.com\/wp-content\/uploads\/2018\/10\/amillionways-768x433.png\" alt=\"\" srcset=\"http:\/\/kevingiailevra.com\/wp-content\/uploads\/2018\/10\/amillionways-768x433.png 768w, http:\/\/kevingiailevra.com\/wp-content\/uploads\/2018\/10\/amillionways-300x169.png 300w, http:\/\/kevingiailevra.com\/wp-content\/uploads\/2018\/10\/amillionways.png 944w\" sizes=\"auto, (max-width: 768px) 85vw, 768px\" \/>\t\t\t\t\t\t\t\t<\/a><br \/>\n\t\t\t\t\t\t\t\t\t\t\t<a href=\"http:\/\/kevingiailevra.com\/wp-content\/uploads\/2018\/10\/amillionways2.png\" data-elementor-open-lightbox=\"default\" data-rel=\"lightbox-image-4\" data-rl_title=\"\" data-rl_caption=\"\" title=\"\"><br \/>\n\t\t\t\t\t\t\t<img loading=\"lazy\" decoding=\"async\" width=\"768\" height=\"783\" src=\"http:\/\/kevingiailevra.com\/wp-content\/uploads\/2018\/10\/amillionways2-768x783.png\" alt=\"\" srcset=\"http:\/\/kevingiailevra.com\/wp-content\/uploads\/2018\/10\/amillionways2-768x783.png 768w, http:\/\/kevingiailevra.com\/wp-content\/uploads\/2018\/10\/amillionways2-294x300.png 294w, http:\/\/kevingiailevra.com\/wp-content\/uploads\/2018\/10\/amillionways2.png 944w\" sizes=\"auto, (max-width: 768px) 85vw, 768px\" \/>\t\t\t\t\t\t\t\t<\/a><br \/>\n\t\t\t\t\t\t\t\t\t\t\t<a href=\"http:\/\/kevingiailevra.com\/wp-content\/uploads\/2018\/08\/OPEL-AmiliionWays.jpeg\" data-elementor-open-lightbox=\"yes\" data-rel=\"lightbox-image-5\" data-rl_title=\"\" data-rl_caption=\"\" title=\"\"><br \/>\n\t\t\t\t\t\t\t<img loading=\"lazy\" decoding=\"async\" width=\"768\" height=\"432\" src=\"http:\/\/kevingiailevra.com\/wp-content\/uploads\/2018\/08\/OPEL-AmiliionWays-768x432.jpeg\" alt=\"\" srcset=\"http:\/\/kevingiailevra.com\/wp-content\/uploads\/2018\/08\/OPEL-AmiliionWays-768x432.jpeg 768w, http:\/\/kevingiailevra.com\/wp-content\/uploads\/2018\/08\/OPEL-AmiliionWays-300x169.jpeg 300w, http:\/\/kevingiailevra.com\/wp-content\/uploads\/2018\/08\/OPEL-AmiliionWays-1024x576.jpeg 1024w, http:\/\/kevingiailevra.com\/wp-content\/uploads\/2018\/08\/OPEL-AmiliionWays-640x360.jpeg 640w\" sizes=\"auto, (max-width: 768px) 85vw, 768px\" \/>\t\t\t\t\t\t\t\t<\/a><\/p>","protected":false},"excerpt":{"rendered":"<p>Un film de voiture aux millions de possibilit\u00e9s. Le point de d\u00e9part :Opel sort l\u2019Insignia Exclusive Edition. Un v\u00e9hicule personnalisable dans des millions de coloris.Pour sa promotion, la marque a imagin\u00e9 une application permettant de voir la voiture en r\u00e9alit\u00e9 augment\u00e9e dans la couleur de son choix. L\u2019id\u00e9e\u00a0:Et si on s\u2019en servait pour r\u00e9aliser un [&hellip;]<\/p>\n","protected":false},"author":1,"featured_media":0,"parent":0,"menu_order":0,"comment_status":"closed","ping_status":"closed","template":"","meta":{"footnotes":""},"class_list":["post-242","page","type-page","status-publish","hentry"],"yoast_head":"<!-- This site is optimized with the Yoast SEO plugin v27.5 - https:\/\/yoast.com\/product\/yoast-seo-wordpress\/ -->\n<title>Opel - Kevin Giai-Levra<\/title>\n<meta name=\"robots\" content=\"index, follow, max-snippet:-1, max-image-preview:large, max-video-preview:-1\" \/>\n<link rel=\"canonical\" href=\"https:\/\/kevingiailevra.com\/opel\/\" \/>\n<meta property=\"og:locale\" content=\"en_US\" \/>\n<meta property=\"og:type\" content=\"article\" \/>\n<meta property=\"og:title\" content=\"Opel - Kevin Giai-Levra\" \/>\n<meta property=\"og:description\" content=\"Un film de voiture aux millions de possibilit\u00e9s. Le point de d\u00e9part :Opel sort l\u2019Insignia Exclusive Edition. Un v\u00e9hicule personnalisable dans des millions de coloris.Pour sa promotion, la marque a imagin\u00e9 une application permettant de voir la voiture en r\u00e9alit\u00e9 augment\u00e9e dans la couleur de son choix. L\u2019id\u00e9e\u00a0:Et si on s\u2019en servait pour r\u00e9aliser un [&hellip;]\" \/>\n<meta property=\"og:url\" content=\"https:\/\/kevingiailevra.com\/opel\/\" \/>\n<meta property=\"og:site_name\" content=\"Kevin Giai-Levra\" \/>\n<meta property=\"article:modified_time\" content=\"2018-10-25T20:20:16+00:00\" \/>\n<meta property=\"og:image\" content=\"http:\/\/kevingiailevra.com\/wp-content\/uploads\/2018\/10\/amillionways-768x433.png\" \/>\n<meta name=\"twitter:card\" content=\"summary_large_image\" \/>\n<meta name=\"twitter:label1\" content=\"Est. reading time\" \/>\n\t<meta name=\"twitter:data1\" content=\"1 minute\" \/>\n<script type=\"application\/ld+json\" class=\"yoast-schema-graph\">{\"@context\":\"https:\\\/\\\/schema.org\",\"@graph\":[{\"@type\":\"WebPage\",\"@id\":\"https:\\\/\\\/kevingiailevra.com\\\/opel\\\/\",\"url\":\"https:\\\/\\\/kevingiailevra.com\\\/opel\\\/\",\"name\":\"Opel - Kevin Giai-Levra\",\"isPartOf\":{\"@id\":\"https:\\\/\\\/kevingiailevra.com\\\/#website\"},\"primaryImageOfPage\":{\"@id\":\"https:\\\/\\\/kevingiailevra.com\\\/opel\\\/#primaryimage\"},\"image\":{\"@id\":\"https:\\\/\\\/kevingiailevra.com\\\/opel\\\/#primaryimage\"},\"thumbnailUrl\":\"http:\\\/\\\/kevingiailevra.com\\\/wp-content\\\/uploads\\\/2018\\\/10\\\/amillionways-768x433.png\",\"datePublished\":\"2018-10-25T20:03:37+00:00\",\"dateModified\":\"2018-10-25T20:20:16+00:00\",\"breadcrumb\":{\"@id\":\"https:\\\/\\\/kevingiailevra.com\\\/opel\\\/#breadcrumb\"},\"inLanguage\":\"en-US\",\"potentialAction\":[{\"@type\":\"ReadAction\",\"target\":[\"https:\\\/\\\/kevingiailevra.com\\\/opel\\\/\"]}]},{\"@type\":\"ImageObject\",\"inLanguage\":\"en-US\",\"@id\":\"https:\\\/\\\/kevingiailevra.com\\\/opel\\\/#primaryimage\",\"url\":\"http:\\\/\\\/kevingiailevra.com\\\/wp-content\\\/uploads\\\/2018\\\/10\\\/amillionways-768x433.png\",\"contentUrl\":\"http:\\\/\\\/kevingiailevra.com\\\/wp-content\\\/uploads\\\/2018\\\/10\\\/amillionways-768x433.png\"},{\"@type\":\"BreadcrumbList\",\"@id\":\"https:\\\/\\\/kevingiailevra.com\\\/opel\\\/#breadcrumb\",\"itemListElement\":[{\"@type\":\"ListItem\",\"position\":1,\"name\":\"Accueil\",\"item\":\"https:\\\/\\\/kevingiailevra.com\\\/\"},{\"@type\":\"ListItem\",\"position\":2,\"name\":\"Opel\"}]},{\"@type\":\"WebSite\",\"@id\":\"https:\\\/\\\/kevingiailevra.com\\\/#website\",\"url\":\"https:\\\/\\\/kevingiailevra.com\\\/\",\"name\":\"Kevin Giai-Levra\",\"description\":\"Creative copywriter &amp; strategist. Human golden retriever.\",\"potentialAction\":[{\"@type\":\"SearchAction\",\"target\":{\"@type\":\"EntryPoint\",\"urlTemplate\":\"https:\\\/\\\/kevingiailevra.com\\\/?s={search_term_string}\"},\"query-input\":{\"@type\":\"PropertyValueSpecification\",\"valueRequired\":true,\"valueName\":\"search_term_string\"}}],\"inLanguage\":\"en-US\"}]}<\/script>\n<!-- \/ Yoast SEO plugin. -->","yoast_head_json":{"title":"Opel - Kevin Giai-Levra","robots":{"index":"index","follow":"follow","max-snippet":"max-snippet:-1","max-image-preview":"max-image-preview:large","max-video-preview":"max-video-preview:-1"},"canonical":"https:\/\/kevingiailevra.com\/opel\/","og_locale":"en_US","og_type":"article","og_title":"Opel - Kevin Giai-Levra","og_description":"Un film de voiture aux millions de possibilit\u00e9s. Le point de d\u00e9part :Opel sort l\u2019Insignia Exclusive Edition. Un v\u00e9hicule personnalisable dans des millions de coloris.Pour sa promotion, la marque a imagin\u00e9 une application permettant de voir la voiture en r\u00e9alit\u00e9 augment\u00e9e dans la couleur de son choix. L\u2019id\u00e9e\u00a0:Et si on s\u2019en servait pour r\u00e9aliser un [&hellip;]","og_url":"https:\/\/kevingiailevra.com\/opel\/","og_site_name":"Kevin Giai-Levra","article_modified_time":"2018-10-25T20:20:16+00:00","og_image":[{"url":"http:\/\/kevingiailevra.com\/wp-content\/uploads\/2018\/10\/amillionways-768x433.png","type":"","width":"","height":""}],"twitter_card":"summary_large_image","twitter_misc":{"Est. reading time":"1 minute"},"schema":{"@context":"https:\/\/schema.org","@graph":[{"@type":"WebPage","@id":"https:\/\/kevingiailevra.com\/opel\/","url":"https:\/\/kevingiailevra.com\/opel\/","name":"Opel - Kevin Giai-Levra","isPartOf":{"@id":"https:\/\/kevingiailevra.com\/#website"},"primaryImageOfPage":{"@id":"https:\/\/kevingiailevra.com\/opel\/#primaryimage"},"image":{"@id":"https:\/\/kevingiailevra.com\/opel\/#primaryimage"},"thumbnailUrl":"http:\/\/kevingiailevra.com\/wp-content\/uploads\/2018\/10\/amillionways-768x433.png","datePublished":"2018-10-25T20:03:37+00:00","dateModified":"2018-10-25T20:20:16+00:00","breadcrumb":{"@id":"https:\/\/kevingiailevra.com\/opel\/#breadcrumb"},"inLanguage":"en-US","potentialAction":[{"@type":"ReadAction","target":["https:\/\/kevingiailevra.com\/opel\/"]}]},{"@type":"ImageObject","inLanguage":"en-US","@id":"https:\/\/kevingiailevra.com\/opel\/#primaryimage","url":"http:\/\/kevingiailevra.com\/wp-content\/uploads\/2018\/10\/amillionways-768x433.png","contentUrl":"http:\/\/kevingiailevra.com\/wp-content\/uploads\/2018\/10\/amillionways-768x433.png"},{"@type":"BreadcrumbList","@id":"https:\/\/kevingiailevra.com\/opel\/#breadcrumb","itemListElement":[{"@type":"ListItem","position":1,"name":"Accueil","item":"https:\/\/kevingiailevra.com\/"},{"@type":"ListItem","position":2,"name":"Opel"}]},{"@type":"WebSite","@id":"https:\/\/kevingiailevra.com\/#website","url":"https:\/\/kevingiailevra.com\/","name":"Kevin Giai-Levra","description":"Creative copywriter &amp; strategist. Human golden retriever.","potentialAction":[{"@type":"SearchAction","target":{"@type":"EntryPoint","urlTemplate":"https:\/\/kevingiailevra.com\/?s={search_term_string}"},"query-input":{"@type":"PropertyValueSpecification","valueRequired":true,"valueName":"search_term_string"}}],"inLanguage":"en-US"}]}},"_links":{"self":[{"href":"https:\/\/kevingiailevra.com\/en\/wp-json\/wp\/v2\/pages\/242","targetHints":{"allow":["GET"]}}],"collection":[{"href":"https:\/\/kevingiailevra.com\/en\/wp-json\/wp\/v2\/pages"}],"about":[{"href":"https:\/\/kevingiailevra.com\/en\/wp-json\/wp\/v2\/types\/page"}],"author":[{"embeddable":true,"href":"https:\/\/kevingiailevra.com\/en\/wp-json\/wp\/v2\/users\/1"}],"replies":[{"embeddable":true,"href":"https:\/\/kevingiailevra.com\/en\/wp-json\/wp\/v2\/comments?post=242"}],"version-history":[{"count":0,"href":"https:\/\/kevingiailevra.com\/en\/wp-json\/wp\/v2\/pages\/242\/revisions"}],"wp:attachment":[{"href":"https:\/\/kevingiailevra.com\/en\/wp-json\/wp\/v2\/media?parent=242"}],"curies":[{"name":"wp","href":"https:\/\/api.w.org\/{rel}","templated":true}]}}