{"id":236,"date":"2018-10-25T21:54:09","date_gmt":"2018-10-25T19:54:09","guid":{"rendered":"http:\/\/kevingiailevra.com\/?page_id=236"},"modified":"2018-10-25T22:00:44","modified_gmt":"2018-10-25T20:00:44","slug":"la-compagnie","status":"publish","type":"page","link":"https:\/\/kevingiailevra.com\/en\/la-compagnie\/","title":{"rendered":"La Compagnie"},"content":{"rendered":"<p><\/p>\n<h5>Un nouvel avion ? Mettons la presse au parfum !<\/h5>\n<p>Le point de d\u00e9part\u00a0:<br \/>La Compagnie, c\u2019est une compagnie a\u00e9rienne avec un objectif simple. Relier Paris-New York avec deux avions dot\u00e9s chacun de 42 places Business.<br \/>Mais bient\u00f4t, La Compagnie aura un 3<sup>\u00e8me<\/sup> avion. Un Boeing A321neo.<br \/>Comment communiquer sur cet \u00e9v\u00e9nement pour inciter les journalistes \u00e0 en parler, et aux clients \u00e0 r\u00e9server un vol\u00a0?<\/p>\n<p>L\u2019id\u00e9e :<br \/>En se demandant ce qui est encore mieux que de faire les premi\u00e8res traces dans la neige ou de respirer l\u2019odeur d\u2019une voiture neuve.<br \/>En cr\u00e9ant un parfum &#8220;La Compagnie &#8211; A321neo Neuf &#8211; Paris New York&#8221;, \u00e0 destination des journalistes et aux clients fid\u00e8les.<\/p>\n<p>\u00a0<\/p>\n<p>\t\t\t\t\t\t\t\t\t\t\t<a href=\"http:\/\/kevingiailevra.com\/wp-content\/uploads\/2018\/08\/ACTIVATION-PARFUM.jpg\" data-elementor-open-lightbox=\"yes\" data-rel=\"lightbox-image-1\" data-rl_title=\"\" data-rl_caption=\"\" title=\"\"><br \/>\n\t\t\t\t\t\t\t<img loading=\"lazy\" decoding=\"async\" width=\"768\" height=\"432\" src=\"http:\/\/kevingiailevra.com\/wp-content\/uploads\/2018\/08\/ACTIVATION-PARFUM-768x432.jpg\" alt=\"\" srcset=\"http:\/\/kevingiailevra.com\/wp-content\/uploads\/2018\/08\/ACTIVATION-PARFUM-768x432.jpg 768w, http:\/\/kevingiailevra.com\/wp-content\/uploads\/2018\/08\/ACTIVATION-PARFUM-300x169.jpg 300w, http:\/\/kevingiailevra.com\/wp-content\/uploads\/2018\/08\/ACTIVATION-PARFUM-1024x576.jpg 1024w, http:\/\/kevingiailevra.com\/wp-content\/uploads\/2018\/08\/ACTIVATION-PARFUM-1200x675.jpg 1200w\" sizes=\"auto, (max-width: 768px) 85vw, 768px\" \/>\t\t\t\t\t\t\t\t<\/a><\/p>","protected":false},"excerpt":{"rendered":"<p>Un nouvel avion ? Mettons la presse au parfum ! Le point de d\u00e9part\u00a0:La Compagnie, c\u2019est une compagnie a\u00e9rienne avec un objectif simple. Relier Paris-New York avec deux avions dot\u00e9s chacun de 42 places Business.Mais bient\u00f4t, La Compagnie aura un 3\u00e8me avion. Un Boeing A321neo.Comment communiquer sur cet \u00e9v\u00e9nement pour inciter les journalistes \u00e0 en [&hellip;]<\/p>\n","protected":false},"author":1,"featured_media":0,"parent":0,"menu_order":0,"comment_status":"closed","ping_status":"closed","template":"","meta":{"footnotes":""},"class_list":["post-236","page","type-page","status-publish","hentry"],"yoast_head":"<!-- This site is optimized with the Yoast SEO plugin v27.5 - https:\/\/yoast.com\/product\/yoast-seo-wordpress\/ -->\n<title>La Compagnie - Kevin Giai-Levra<\/title>\n<meta name=\"robots\" content=\"index, follow, max-snippet:-1, max-image-preview:large, max-video-preview:-1\" \/>\n<link rel=\"canonical\" href=\"https:\/\/kevingiailevra.com\/la-compagnie\/\" \/>\n<meta property=\"og:locale\" content=\"en_US\" \/>\n<meta property=\"og:type\" content=\"article\" \/>\n<meta property=\"og:title\" content=\"La Compagnie - Kevin Giai-Levra\" \/>\n<meta property=\"og:description\" content=\"Un nouvel avion ? Mettons la presse au parfum ! Le point de d\u00e9part\u00a0:La Compagnie, c\u2019est une compagnie a\u00e9rienne avec un objectif simple. Relier Paris-New York avec deux avions dot\u00e9s chacun de 42 places Business.Mais bient\u00f4t, La Compagnie aura un 3\u00e8me avion. Un Boeing A321neo.Comment communiquer sur cet \u00e9v\u00e9nement pour inciter les journalistes \u00e0 en [&hellip;]\" \/>\n<meta property=\"og:url\" content=\"https:\/\/kevingiailevra.com\/la-compagnie\/\" \/>\n<meta property=\"og:site_name\" content=\"Kevin Giai-Levra\" \/>\n<meta property=\"article:modified_time\" content=\"2018-10-25T20:00:44+00:00\" \/>\n<meta property=\"og:image\" content=\"http:\/\/kevingiailevra.com\/wp-content\/uploads\/2018\/08\/ACTIVATION-PARFUM-768x432.jpg\" \/>\n<meta name=\"twitter:card\" content=\"summary_large_image\" \/>\n<meta name=\"twitter:label1\" content=\"Est. reading time\" \/>\n\t<meta name=\"twitter:data1\" content=\"1 minute\" \/>\n<script type=\"application\/ld+json\" class=\"yoast-schema-graph\">{\"@context\":\"https:\\\/\\\/schema.org\",\"@graph\":[{\"@type\":\"WebPage\",\"@id\":\"https:\\\/\\\/kevingiailevra.com\\\/la-compagnie\\\/\",\"url\":\"https:\\\/\\\/kevingiailevra.com\\\/la-compagnie\\\/\",\"name\":\"La Compagnie - Kevin Giai-Levra\",\"isPartOf\":{\"@id\":\"https:\\\/\\\/kevingiailevra.com\\\/#website\"},\"primaryImageOfPage\":{\"@id\":\"https:\\\/\\\/kevingiailevra.com\\\/la-compagnie\\\/#primaryimage\"},\"image\":{\"@id\":\"https:\\\/\\\/kevingiailevra.com\\\/la-compagnie\\\/#primaryimage\"},\"thumbnailUrl\":\"http:\\\/\\\/kevingiailevra.com\\\/wp-content\\\/uploads\\\/2018\\\/08\\\/ACTIVATION-PARFUM-768x432.jpg\",\"datePublished\":\"2018-10-25T19:54:09+00:00\",\"dateModified\":\"2018-10-25T20:00:44+00:00\",\"breadcrumb\":{\"@id\":\"https:\\\/\\\/kevingiailevra.com\\\/la-compagnie\\\/#breadcrumb\"},\"inLanguage\":\"en-US\",\"potentialAction\":[{\"@type\":\"ReadAction\",\"target\":[\"https:\\\/\\\/kevingiailevra.com\\\/la-compagnie\\\/\"]}]},{\"@type\":\"ImageObject\",\"inLanguage\":\"en-US\",\"@id\":\"https:\\\/\\\/kevingiailevra.com\\\/la-compagnie\\\/#primaryimage\",\"url\":\"http:\\\/\\\/kevingiailevra.com\\\/wp-content\\\/uploads\\\/2018\\\/08\\\/ACTIVATION-PARFUM-768x432.jpg\",\"contentUrl\":\"http:\\\/\\\/kevingiailevra.com\\\/wp-content\\\/uploads\\\/2018\\\/08\\\/ACTIVATION-PARFUM-768x432.jpg\"},{\"@type\":\"BreadcrumbList\",\"@id\":\"https:\\\/\\\/kevingiailevra.com\\\/la-compagnie\\\/#breadcrumb\",\"itemListElement\":[{\"@type\":\"ListItem\",\"position\":1,\"name\":\"Accueil\",\"item\":\"https:\\\/\\\/kevingiailevra.com\\\/\"},{\"@type\":\"ListItem\",\"position\":2,\"name\":\"La Compagnie\"}]},{\"@type\":\"WebSite\",\"@id\":\"https:\\\/\\\/kevingiailevra.com\\\/#website\",\"url\":\"https:\\\/\\\/kevingiailevra.com\\\/\",\"name\":\"Kevin Giai-Levra\",\"description\":\"Creative copywriter &amp; strategist. Human golden retriever.\",\"potentialAction\":[{\"@type\":\"SearchAction\",\"target\":{\"@type\":\"EntryPoint\",\"urlTemplate\":\"https:\\\/\\\/kevingiailevra.com\\\/?s={search_term_string}\"},\"query-input\":{\"@type\":\"PropertyValueSpecification\",\"valueRequired\":true,\"valueName\":\"search_term_string\"}}],\"inLanguage\":\"en-US\"}]}<\/script>\n<!-- \/ Yoast SEO plugin. -->","yoast_head_json":{"title":"La Compagnie - Kevin Giai-Levra","robots":{"index":"index","follow":"follow","max-snippet":"max-snippet:-1","max-image-preview":"max-image-preview:large","max-video-preview":"max-video-preview:-1"},"canonical":"https:\/\/kevingiailevra.com\/la-compagnie\/","og_locale":"en_US","og_type":"article","og_title":"La Compagnie - Kevin Giai-Levra","og_description":"Un nouvel avion ? Mettons la presse au parfum ! Le point de d\u00e9part\u00a0:La Compagnie, c\u2019est une compagnie a\u00e9rienne avec un objectif simple. Relier Paris-New York avec deux avions dot\u00e9s chacun de 42 places Business.Mais bient\u00f4t, La Compagnie aura un 3\u00e8me avion. Un Boeing A321neo.Comment communiquer sur cet \u00e9v\u00e9nement pour inciter les journalistes \u00e0 en [&hellip;]","og_url":"https:\/\/kevingiailevra.com\/la-compagnie\/","og_site_name":"Kevin Giai-Levra","article_modified_time":"2018-10-25T20:00:44+00:00","og_image":[{"url":"http:\/\/kevingiailevra.com\/wp-content\/uploads\/2018\/08\/ACTIVATION-PARFUM-768x432.jpg","type":"","width":"","height":""}],"twitter_card":"summary_large_image","twitter_misc":{"Est. reading time":"1 minute"},"schema":{"@context":"https:\/\/schema.org","@graph":[{"@type":"WebPage","@id":"https:\/\/kevingiailevra.com\/la-compagnie\/","url":"https:\/\/kevingiailevra.com\/la-compagnie\/","name":"La Compagnie - Kevin Giai-Levra","isPartOf":{"@id":"https:\/\/kevingiailevra.com\/#website"},"primaryImageOfPage":{"@id":"https:\/\/kevingiailevra.com\/la-compagnie\/#primaryimage"},"image":{"@id":"https:\/\/kevingiailevra.com\/la-compagnie\/#primaryimage"},"thumbnailUrl":"http:\/\/kevingiailevra.com\/wp-content\/uploads\/2018\/08\/ACTIVATION-PARFUM-768x432.jpg","datePublished":"2018-10-25T19:54:09+00:00","dateModified":"2018-10-25T20:00:44+00:00","breadcrumb":{"@id":"https:\/\/kevingiailevra.com\/la-compagnie\/#breadcrumb"},"inLanguage":"en-US","potentialAction":[{"@type":"ReadAction","target":["https:\/\/kevingiailevra.com\/la-compagnie\/"]}]},{"@type":"ImageObject","inLanguage":"en-US","@id":"https:\/\/kevingiailevra.com\/la-compagnie\/#primaryimage","url":"http:\/\/kevingiailevra.com\/wp-content\/uploads\/2018\/08\/ACTIVATION-PARFUM-768x432.jpg","contentUrl":"http:\/\/kevingiailevra.com\/wp-content\/uploads\/2018\/08\/ACTIVATION-PARFUM-768x432.jpg"},{"@type":"BreadcrumbList","@id":"https:\/\/kevingiailevra.com\/la-compagnie\/#breadcrumb","itemListElement":[{"@type":"ListItem","position":1,"name":"Accueil","item":"https:\/\/kevingiailevra.com\/"},{"@type":"ListItem","position":2,"name":"La Compagnie"}]},{"@type":"WebSite","@id":"https:\/\/kevingiailevra.com\/#website","url":"https:\/\/kevingiailevra.com\/","name":"Kevin Giai-Levra","description":"Creative copywriter &amp; strategist. Human golden retriever.","potentialAction":[{"@type":"SearchAction","target":{"@type":"EntryPoint","urlTemplate":"https:\/\/kevingiailevra.com\/?s={search_term_string}"},"query-input":{"@type":"PropertyValueSpecification","valueRequired":true,"valueName":"search_term_string"}}],"inLanguage":"en-US"}]}},"_links":{"self":[{"href":"https:\/\/kevingiailevra.com\/en\/wp-json\/wp\/v2\/pages\/236","targetHints":{"allow":["GET"]}}],"collection":[{"href":"https:\/\/kevingiailevra.com\/en\/wp-json\/wp\/v2\/pages"}],"about":[{"href":"https:\/\/kevingiailevra.com\/en\/wp-json\/wp\/v2\/types\/page"}],"author":[{"embeddable":true,"href":"https:\/\/kevingiailevra.com\/en\/wp-json\/wp\/v2\/users\/1"}],"replies":[{"embeddable":true,"href":"https:\/\/kevingiailevra.com\/en\/wp-json\/wp\/v2\/comments?post=236"}],"version-history":[{"count":0,"href":"https:\/\/kevingiailevra.com\/en\/wp-json\/wp\/v2\/pages\/236\/revisions"}],"wp:attachment":[{"href":"https:\/\/kevingiailevra.com\/en\/wp-json\/wp\/v2\/media?parent=236"}],"curies":[{"name":"wp","href":"https:\/\/api.w.org\/{rel}","templated":true}]}}