{"id":221,"date":"2018-10-25T20:14:45","date_gmt":"2018-10-25T18:14:45","guid":{"rendered":"http:\/\/kevingiailevra.com\/?page_id=221"},"modified":"2018-11-12T13:02:43","modified_gmt":"2018-11-12T11:02:43","slug":"ibis-budget","status":"publish","type":"page","link":"https:\/\/kevingiailevra.com\/en\/ibis-budget\/","title":{"rendered":"ibis budget"},"content":{"rendered":"<h5>Un voleur sachant voler a bien le droit \u00e0 une nuit\u00e9e avec le Robber&#8217;s Robe.<\/h5>\n<p>Le point de d\u00e9part :<br \/>ibis budget, c\u2019est une cha\u00eene d\u2019h\u00f4tels \u00e0 petits prix, faits pour d\u00e9penser moins d&#8217;argent dans une chambre que dans son voyage.<br \/>Alors, forc\u00e9ment, les clients d&#8217;ibis budget sont aussi malins que radins. Si bien qu&#8217;ils ont pour habitude de quitter l&#8217;h\u00f4tel en emportant quelques souvenirs&#8230;<\/p>\n<p>L&#8217;id\u00e9e :<br \/>Au lieu de courir apr\u00e8s les voleurs, on a d\u00e9cid\u00e9 d&#8217;en faire nos ambassadeurs.<br \/>ibis budget cr\u00e9e le premier peignoir con\u00e7u pour \u00eatre d\u00e9rob\u00e9.<br \/>L&#8217;avantage, c&#8217;est qu&#8217;il offre des nuit\u00e9es \u00e0 celui qui l&#8217;a trouv\u00e9 et \u00e0 ses amis, \u00e0 condition de le rapporter !<\/p>\n<p><!--EndFragment--><\/p>\n<p><style>\n<!-- \/* Font Definitions *\/ @font-face {font-family:\"Cambria Math\"; panose-1:2 4 5 3 5 4 6 3 2 4; mso-font-charset:0; mso-generic-font-family:roman; mso-font-pitch:variable; mso-font-signature:-536870145 1107305727 0 0 415 0;} @font-face {font-family:Calibri; panose-1:2 15 5 2 2 2 4 3 2 4; mso-font-charset:0; mso-generic-font-family:swiss; mso-font-pitch:variable; mso-font-signature:-536870145 1073786111 1 0 415 0;} \/* Style Definitions *\/ p.MsoNormal, li.MsoNormal, div.MsoNormal {mso-style-unhide:no; mso-style-qformat:yes; mso-style-parent:\"\"; margin:0cm; margin-bottom:.0001pt; mso-pagination:widow-orphan; font-size:12.0pt; font-family:\"Calibri\",sans-serif; mso-ascii-font-family:Calibri; mso-ascii-theme-font:minor-latin; mso-fareast-font-family:Calibri; mso-fareast-theme-font:minor-latin; mso-hansi-font-family:Calibri; mso-hansi-theme-font:minor-latin; mso-bidi-font-family:\"Times New Roman\"; mso-bidi-theme-font:minor-bidi; mso-fareast-language:EN-US;} .MsoChpDefault {mso-style-type:export-only; mso-default-props:yes; font-family:\"Calibri\",sans-serif; mso-ascii-font-family:Calibri; mso-ascii-theme-font:minor-latin; mso-fareast-font-family:Calibri; mso-fareast-theme-font:minor-latin; mso-hansi-font-family:Calibri; mso-hansi-theme-font:minor-latin; mso-bidi-font-family:\"Times New Roman\"; mso-bidi-theme-font:minor-bidi; mso-fareast-language:EN-US;} @page WordSection1 {size:595.0pt 842.0pt; margin:70.85pt 70.85pt 70.85pt 70.85pt; mso-header-margin:35.4pt; mso-footer-margin:35.4pt; mso-paper-source:0;} div.WordSection1 {page:WordSection1;} --><br \/><\/style>\n<\/p>\n<p>\t\t\t\t\t\t\t\t\t\t\t<a href=\"http:\/\/kevingiailevra.com\/wp-content\/uploads\/2018\/08\/board-RobbersRobe.jpeg\" data-elementor-open-lightbox=\"yes\" data-rel=\"lightbox-image-0\" data-rl_title=\"\" data-rl_caption=\"\" title=\"\"><br \/>\n\t\t\t\t\t\t\t<img loading=\"lazy\" decoding=\"async\" width=\"768\" height=\"432\" src=\"http:\/\/kevingiailevra.com\/wp-content\/uploads\/2018\/08\/board-RobbersRobe-768x432.jpeg\" alt=\"\" srcset=\"http:\/\/kevingiailevra.com\/wp-content\/uploads\/2018\/08\/board-RobbersRobe-768x432.jpeg 768w, http:\/\/kevingiailevra.com\/wp-content\/uploads\/2018\/08\/board-RobbersRobe-300x169.jpeg 300w, http:\/\/kevingiailevra.com\/wp-content\/uploads\/2018\/08\/board-RobbersRobe-1024x576.jpeg 1024w, http:\/\/kevingiailevra.com\/wp-content\/uploads\/2018\/08\/board-RobbersRobe-1200x675.jpeg 1200w\" sizes=\"auto, (max-width: 768px) 85vw, 768px\" \/>\t\t\t\t\t\t\t\t<\/a><\/p>\n","protected":false},"excerpt":{"rendered":"<p>Un voleur sachant voler a bien le droit \u00e0 une nuit\u00e9e avec le Robber&#8217;s Robe. Le point de d\u00e9part :ibis budget, c\u2019est une cha\u00eene d\u2019h\u00f4tels \u00e0 petits prix, faits pour d\u00e9penser moins d&#8217;argent dans une chambre que dans son voyage.Alors, forc\u00e9ment, les clients d&#8217;ibis budget sont aussi malins que radins. Si bien qu&#8217;ils ont pour [&hellip;]<\/p>\n","protected":false},"author":1,"featured_media":0,"parent":0,"menu_order":0,"comment_status":"closed","ping_status":"closed","template":"","meta":{"footnotes":""},"class_list":["post-221","page","type-page","status-publish","hentry"],"yoast_head":"<!-- This site is optimized with the Yoast SEO plugin v27.5 - https:\/\/yoast.com\/product\/yoast-seo-wordpress\/ -->\n<title>ibis budget - Kevin Giai-Levra<\/title>\n<meta name=\"robots\" content=\"index, follow, max-snippet:-1, max-image-preview:large, max-video-preview:-1\" \/>\n<link rel=\"canonical\" href=\"https:\/\/kevingiailevra.com\/ibis-budget\/\" \/>\n<meta property=\"og:locale\" content=\"en_US\" \/>\n<meta property=\"og:type\" content=\"article\" \/>\n<meta property=\"og:title\" content=\"ibis budget - Kevin Giai-Levra\" \/>\n<meta property=\"og:description\" content=\"Un voleur sachant voler a bien le droit \u00e0 une nuit\u00e9e avec le Robber&#8217;s Robe. Le point de d\u00e9part :ibis budget, c\u2019est une cha\u00eene d\u2019h\u00f4tels \u00e0 petits prix, faits pour d\u00e9penser moins d&#8217;argent dans une chambre que dans son voyage.Alors, forc\u00e9ment, les clients d&#8217;ibis budget sont aussi malins que radins. Si bien qu&#8217;ils ont pour [&hellip;]\" \/>\n<meta property=\"og:url\" content=\"https:\/\/kevingiailevra.com\/ibis-budget\/\" \/>\n<meta property=\"og:site_name\" content=\"Kevin Giai-Levra\" \/>\n<meta property=\"article:modified_time\" content=\"2018-11-12T11:02:43+00:00\" \/>\n<meta property=\"og:image\" content=\"http:\/\/kevingiailevra.com\/wp-content\/uploads\/2018\/08\/board-RobbersRobe-768x432.jpeg\" \/>\n<meta name=\"twitter:card\" content=\"summary_large_image\" \/>\n<meta name=\"twitter:label1\" content=\"Est. reading time\" \/>\n\t<meta name=\"twitter:data1\" content=\"1 minute\" \/>\n<script type=\"application\/ld+json\" class=\"yoast-schema-graph\">{\"@context\":\"https:\\\/\\\/schema.org\",\"@graph\":[{\"@type\":\"WebPage\",\"@id\":\"https:\\\/\\\/kevingiailevra.com\\\/ibis-budget\\\/\",\"url\":\"https:\\\/\\\/kevingiailevra.com\\\/ibis-budget\\\/\",\"name\":\"ibis budget - Kevin Giai-Levra\",\"isPartOf\":{\"@id\":\"https:\\\/\\\/kevingiailevra.com\\\/#website\"},\"primaryImageOfPage\":{\"@id\":\"https:\\\/\\\/kevingiailevra.com\\\/ibis-budget\\\/#primaryimage\"},\"image\":{\"@id\":\"https:\\\/\\\/kevingiailevra.com\\\/ibis-budget\\\/#primaryimage\"},\"thumbnailUrl\":\"http:\\\/\\\/kevingiailevra.com\\\/wp-content\\\/uploads\\\/2018\\\/08\\\/board-RobbersRobe-768x432.jpeg\",\"datePublished\":\"2018-10-25T18:14:45+00:00\",\"dateModified\":\"2018-11-12T11:02:43+00:00\",\"breadcrumb\":{\"@id\":\"https:\\\/\\\/kevingiailevra.com\\\/ibis-budget\\\/#breadcrumb\"},\"inLanguage\":\"en-US\",\"potentialAction\":[{\"@type\":\"ReadAction\",\"target\":[\"https:\\\/\\\/kevingiailevra.com\\\/ibis-budget\\\/\"]}]},{\"@type\":\"ImageObject\",\"inLanguage\":\"en-US\",\"@id\":\"https:\\\/\\\/kevingiailevra.com\\\/ibis-budget\\\/#primaryimage\",\"url\":\"http:\\\/\\\/kevingiailevra.com\\\/wp-content\\\/uploads\\\/2018\\\/08\\\/board-RobbersRobe-768x432.jpeg\",\"contentUrl\":\"http:\\\/\\\/kevingiailevra.com\\\/wp-content\\\/uploads\\\/2018\\\/08\\\/board-RobbersRobe-768x432.jpeg\"},{\"@type\":\"BreadcrumbList\",\"@id\":\"https:\\\/\\\/kevingiailevra.com\\\/ibis-budget\\\/#breadcrumb\",\"itemListElement\":[{\"@type\":\"ListItem\",\"position\":1,\"name\":\"Accueil\",\"item\":\"https:\\\/\\\/kevingiailevra.com\\\/\"},{\"@type\":\"ListItem\",\"position\":2,\"name\":\"ibis budget\"}]},{\"@type\":\"WebSite\",\"@id\":\"https:\\\/\\\/kevingiailevra.com\\\/#website\",\"url\":\"https:\\\/\\\/kevingiailevra.com\\\/\",\"name\":\"Kevin Giai-Levra\",\"description\":\"Creative copywriter &amp; strategist. Human golden retriever.\",\"potentialAction\":[{\"@type\":\"SearchAction\",\"target\":{\"@type\":\"EntryPoint\",\"urlTemplate\":\"https:\\\/\\\/kevingiailevra.com\\\/?s={search_term_string}\"},\"query-input\":{\"@type\":\"PropertyValueSpecification\",\"valueRequired\":true,\"valueName\":\"search_term_string\"}}],\"inLanguage\":\"en-US\"}]}<\/script>\n<!-- \/ Yoast SEO plugin. -->","yoast_head_json":{"title":"ibis budget - Kevin Giai-Levra","robots":{"index":"index","follow":"follow","max-snippet":"max-snippet:-1","max-image-preview":"max-image-preview:large","max-video-preview":"max-video-preview:-1"},"canonical":"https:\/\/kevingiailevra.com\/ibis-budget\/","og_locale":"en_US","og_type":"article","og_title":"ibis budget - Kevin Giai-Levra","og_description":"Un voleur sachant voler a bien le droit \u00e0 une nuit\u00e9e avec le Robber&#8217;s Robe. Le point de d\u00e9part :ibis budget, c\u2019est une cha\u00eene d\u2019h\u00f4tels \u00e0 petits prix, faits pour d\u00e9penser moins d&#8217;argent dans une chambre que dans son voyage.Alors, forc\u00e9ment, les clients d&#8217;ibis budget sont aussi malins que radins. Si bien qu&#8217;ils ont pour [&hellip;]","og_url":"https:\/\/kevingiailevra.com\/ibis-budget\/","og_site_name":"Kevin Giai-Levra","article_modified_time":"2018-11-12T11:02:43+00:00","og_image":[{"url":"http:\/\/kevingiailevra.com\/wp-content\/uploads\/2018\/08\/board-RobbersRobe-768x432.jpeg","type":"","width":"","height":""}],"twitter_card":"summary_large_image","twitter_misc":{"Est. reading time":"1 minute"},"schema":{"@context":"https:\/\/schema.org","@graph":[{"@type":"WebPage","@id":"https:\/\/kevingiailevra.com\/ibis-budget\/","url":"https:\/\/kevingiailevra.com\/ibis-budget\/","name":"ibis budget - Kevin Giai-Levra","isPartOf":{"@id":"https:\/\/kevingiailevra.com\/#website"},"primaryImageOfPage":{"@id":"https:\/\/kevingiailevra.com\/ibis-budget\/#primaryimage"},"image":{"@id":"https:\/\/kevingiailevra.com\/ibis-budget\/#primaryimage"},"thumbnailUrl":"http:\/\/kevingiailevra.com\/wp-content\/uploads\/2018\/08\/board-RobbersRobe-768x432.jpeg","datePublished":"2018-10-25T18:14:45+00:00","dateModified":"2018-11-12T11:02:43+00:00","breadcrumb":{"@id":"https:\/\/kevingiailevra.com\/ibis-budget\/#breadcrumb"},"inLanguage":"en-US","potentialAction":[{"@type":"ReadAction","target":["https:\/\/kevingiailevra.com\/ibis-budget\/"]}]},{"@type":"ImageObject","inLanguage":"en-US","@id":"https:\/\/kevingiailevra.com\/ibis-budget\/#primaryimage","url":"http:\/\/kevingiailevra.com\/wp-content\/uploads\/2018\/08\/board-RobbersRobe-768x432.jpeg","contentUrl":"http:\/\/kevingiailevra.com\/wp-content\/uploads\/2018\/08\/board-RobbersRobe-768x432.jpeg"},{"@type":"BreadcrumbList","@id":"https:\/\/kevingiailevra.com\/ibis-budget\/#breadcrumb","itemListElement":[{"@type":"ListItem","position":1,"name":"Accueil","item":"https:\/\/kevingiailevra.com\/"},{"@type":"ListItem","position":2,"name":"ibis budget"}]},{"@type":"WebSite","@id":"https:\/\/kevingiailevra.com\/#website","url":"https:\/\/kevingiailevra.com\/","name":"Kevin Giai-Levra","description":"Creative copywriter &amp; strategist. Human golden retriever.","potentialAction":[{"@type":"SearchAction","target":{"@type":"EntryPoint","urlTemplate":"https:\/\/kevingiailevra.com\/?s={search_term_string}"},"query-input":{"@type":"PropertyValueSpecification","valueRequired":true,"valueName":"search_term_string"}}],"inLanguage":"en-US"}]}},"_links":{"self":[{"href":"https:\/\/kevingiailevra.com\/en\/wp-json\/wp\/v2\/pages\/221","targetHints":{"allow":["GET"]}}],"collection":[{"href":"https:\/\/kevingiailevra.com\/en\/wp-json\/wp\/v2\/pages"}],"about":[{"href":"https:\/\/kevingiailevra.com\/en\/wp-json\/wp\/v2\/types\/page"}],"author":[{"embeddable":true,"href":"https:\/\/kevingiailevra.com\/en\/wp-json\/wp\/v2\/users\/1"}],"replies":[{"embeddable":true,"href":"https:\/\/kevingiailevra.com\/en\/wp-json\/wp\/v2\/comments?post=221"}],"version-history":[{"count":0,"href":"https:\/\/kevingiailevra.com\/en\/wp-json\/wp\/v2\/pages\/221\/revisions"}],"wp:attachment":[{"href":"https:\/\/kevingiailevra.com\/en\/wp-json\/wp\/v2\/media?parent=221"}],"curies":[{"name":"wp","href":"https:\/\/api.w.org\/{rel}","templated":true}]}}