{"id":209,"date":"2018-10-25T19:54:14","date_gmt":"2018-10-25T17:54:14","guid":{"rendered":"http:\/\/kevingiailevra.com\/?page_id=209"},"modified":"2018-10-26T06:27:42","modified_gmt":"2018-10-26T04:27:42","slug":"croix-rouge-francaise","status":"publish","type":"page","link":"https:\/\/kevingiailevra.com\/en\/croix-rouge-francaise\/","title":{"rendered":"French Red Cross"},"content":{"rendered":"<h5>Prenez en main la vie, faites un geste pour en sauver avec Make The Move.<\/h5>\n<p>Le point de d\u00e9part :<br \/>En France, 1 personne sur 10 seulement conna\u00eet les gestes qui sauvent. Mais combien savent faire le dab, danser la Macarena ou le Gangnam Style ?<\/p>\n<p>L&#8217;id\u00e9e :<br \/>Inscrire les gestes qui sauvent dans la culture populaire, gr\u00e2ce \u00e0 :<\/p>\n<p>\t\t\t\t\t\t\t\t\t\t\t<a href=\"http:\/\/kevingiailevra.com\/wp-content\/uploads\/2018\/08\/CRF-MakeTheMove-outdoor-A3.jpg\" data-elementor-open-lightbox=\"yes\" data-rel=\"lightbox-image-0\" data-rl_title=\"\" data-rl_caption=\"\" title=\"\"><br \/>\n\t\t\t\t\t\t\t<img loading=\"lazy\" decoding=\"async\" width=\"768\" height=\"543\" src=\"http:\/\/kevingiailevra.com\/wp-content\/uploads\/2018\/08\/CRF-MakeTheMove-outdoor-A3-768x543.jpg\" alt=\"\" srcset=\"http:\/\/kevingiailevra.com\/wp-content\/uploads\/2018\/08\/CRF-MakeTheMove-outdoor-A3-768x543.jpg 768w, http:\/\/kevingiailevra.com\/wp-content\/uploads\/2018\/08\/CRF-MakeTheMove-outdoor-A3-300x212.jpg 300w, http:\/\/kevingiailevra.com\/wp-content\/uploads\/2018\/08\/CRF-MakeTheMove-outdoor-A3-1024x724.jpg 1024w, http:\/\/kevingiailevra.com\/wp-content\/uploads\/2018\/08\/CRF-MakeTheMove-outdoor-A3-640x453.jpg 640w\" sizes=\"auto, (max-width: 768px) 85vw, 768px\" \/>\t\t\t\t\t\t\t\t<\/a><\/p>\n<h5>Un panneau interactif<\/h5>\n<p>Dans la rue, les passants sont invit\u00e9s \u00e0 effectuer des mouvements jusqu&#8217;\u00e0 devoir r\u00e9aliser les gestes qui sauvent. S&#8217;ils n&#8217;arrivent pas \u00e0 les faire, le panneau leur indique le chemin pour aller jusqu&#8217;au centre de formation de la Croix-Rouge fran\u00e7aise le plus proche.<\/p>\n<p>\t\t\t\t\t\t\t\t\t\t\t<a href=\"http:\/\/kevingiailevra.com\/wp-content\/uploads\/2018\/08\/CRF-MakeTheMove-FBGame-A3.jpg\" data-elementor-open-lightbox=\"yes\" data-rel=\"lightbox-image-1\" data-rl_title=\"\" data-rl_caption=\"\" title=\"\"><br \/>\n\t\t\t\t\t\t\t<img loading=\"lazy\" decoding=\"async\" width=\"768\" height=\"543\" src=\"http:\/\/kevingiailevra.com\/wp-content\/uploads\/2018\/08\/CRF-MakeTheMove-FBGame-A3-768x543.jpg\" alt=\"\" srcset=\"http:\/\/kevingiailevra.com\/wp-content\/uploads\/2018\/08\/CRF-MakeTheMove-FBGame-A3-768x543.jpg 768w, http:\/\/kevingiailevra.com\/wp-content\/uploads\/2018\/08\/CRF-MakeTheMove-FBGame-A3-300x212.jpg 300w, http:\/\/kevingiailevra.com\/wp-content\/uploads\/2018\/08\/CRF-MakeTheMove-FBGame-A3-1024x724.jpg 1024w, http:\/\/kevingiailevra.com\/wp-content\/uploads\/2018\/08\/CRF-MakeTheMove-FBGame-A3-640x453.jpg 640w\" sizes=\"auto, (max-width: 768px) 85vw, 768px\" \/>\t\t\t\t\t\t\t\t<\/a><\/p>\n<h5>Un jeu Messenger<\/h5>\n<p>\u00c0 la mani\u00e8re d&#8217;un Just Dance, l&#8217;utilisateur doit effectuer des mouvements jusqu&#8217;\u00e0 devoir r\u00e9aliser les gestes qui sauvent. S&#8217;il n\u2019y arrive pas, le jeu lui propose de s&#8217;inscrire \u00e0 la formation afin de passer au niveau sup\u00e9rieur. \u200b<\/p>\n","protected":false},"excerpt":{"rendered":"<p>Prenez en main la vie, faites un geste pour en sauver avec Make The Move. Le point de d\u00e9part :En France, 1 personne sur 10 seulement conna\u00eet les gestes qui sauvent. Mais combien savent faire le dab, danser la Macarena ou le Gangnam Style ? L&#8217;id\u00e9e :Inscrire les gestes qui sauvent dans la culture populaire, [&hellip;]<\/p>\n","protected":false},"author":1,"featured_media":0,"parent":0,"menu_order":0,"comment_status":"closed","ping_status":"closed","template":"","meta":{"footnotes":""},"class_list":["post-209","page","type-page","status-publish","hentry"],"yoast_head":"<!-- This site is optimized with the Yoast SEO plugin v27.5 - https:\/\/yoast.com\/product\/yoast-seo-wordpress\/ -->\n<title>French Red Cross - Kevin Giai-Levra<\/title>\n<meta name=\"robots\" content=\"index, follow, max-snippet:-1, max-image-preview:large, max-video-preview:-1\" \/>\n<link rel=\"canonical\" href=\"https:\/\/kevingiailevra.com\/croix-rouge-francaise\/\" \/>\n<meta property=\"og:locale\" content=\"en_US\" \/>\n<meta property=\"og:type\" content=\"article\" \/>\n<meta property=\"og:title\" content=\"French Red Cross - Kevin Giai-Levra\" \/>\n<meta property=\"og:description\" content=\"Prenez en main la vie, faites un geste pour en sauver avec Make The Move. Le point de d\u00e9part :En France, 1 personne sur 10 seulement conna\u00eet les gestes qui sauvent. Mais combien savent faire le dab, danser la Macarena ou le Gangnam Style ? L&#8217;id\u00e9e :Inscrire les gestes qui sauvent dans la culture populaire, [&hellip;]\" \/>\n<meta property=\"og:url\" content=\"https:\/\/kevingiailevra.com\/croix-rouge-francaise\/\" \/>\n<meta property=\"og:site_name\" content=\"Kevin Giai-Levra\" \/>\n<meta property=\"article:modified_time\" content=\"2018-10-26T04:27:42+00:00\" \/>\n<meta property=\"og:image\" content=\"http:\/\/kevingiailevra.com\/wp-content\/uploads\/2018\/08\/CRF-MakeTheMove-outdoor-A3-768x543.jpg\" \/>\n<meta name=\"twitter:card\" content=\"summary_large_image\" \/>\n<meta name=\"twitter:label1\" content=\"Est. reading time\" \/>\n\t<meta name=\"twitter:data1\" content=\"1 minute\" \/>\n<script type=\"application\/ld+json\" class=\"yoast-schema-graph\">{\"@context\":\"https:\\\/\\\/schema.org\",\"@graph\":[{\"@type\":\"WebPage\",\"@id\":\"https:\\\/\\\/kevingiailevra.com\\\/croix-rouge-francaise\\\/\",\"url\":\"https:\\\/\\\/kevingiailevra.com\\\/croix-rouge-francaise\\\/\",\"name\":\"French Red Cross - Kevin Giai-Levra\",\"isPartOf\":{\"@id\":\"https:\\\/\\\/kevingiailevra.com\\\/#website\"},\"primaryImageOfPage\":{\"@id\":\"https:\\\/\\\/kevingiailevra.com\\\/croix-rouge-francaise\\\/#primaryimage\"},\"image\":{\"@id\":\"https:\\\/\\\/kevingiailevra.com\\\/croix-rouge-francaise\\\/#primaryimage\"},\"thumbnailUrl\":\"http:\\\/\\\/kevingiailevra.com\\\/wp-content\\\/uploads\\\/2018\\\/08\\\/CRF-MakeTheMove-outdoor-A3-768x543.jpg\",\"datePublished\":\"2018-10-25T17:54:14+00:00\",\"dateModified\":\"2018-10-26T04:27:42+00:00\",\"breadcrumb\":{\"@id\":\"https:\\\/\\\/kevingiailevra.com\\\/croix-rouge-francaise\\\/#breadcrumb\"},\"inLanguage\":\"en-US\",\"potentialAction\":[{\"@type\":\"ReadAction\",\"target\":[\"https:\\\/\\\/kevingiailevra.com\\\/croix-rouge-francaise\\\/\"]}]},{\"@type\":\"ImageObject\",\"inLanguage\":\"en-US\",\"@id\":\"https:\\\/\\\/kevingiailevra.com\\\/croix-rouge-francaise\\\/#primaryimage\",\"url\":\"http:\\\/\\\/kevingiailevra.com\\\/wp-content\\\/uploads\\\/2018\\\/08\\\/CRF-MakeTheMove-outdoor-A3-768x543.jpg\",\"contentUrl\":\"http:\\\/\\\/kevingiailevra.com\\\/wp-content\\\/uploads\\\/2018\\\/08\\\/CRF-MakeTheMove-outdoor-A3-768x543.jpg\"},{\"@type\":\"BreadcrumbList\",\"@id\":\"https:\\\/\\\/kevingiailevra.com\\\/croix-rouge-francaise\\\/#breadcrumb\",\"itemListElement\":[{\"@type\":\"ListItem\",\"position\":1,\"name\":\"Accueil\",\"item\":\"https:\\\/\\\/kevingiailevra.com\\\/\"},{\"@type\":\"ListItem\",\"position\":2,\"name\":\"Croix-Rouge fran\u00e7aise\"}]},{\"@type\":\"WebSite\",\"@id\":\"https:\\\/\\\/kevingiailevra.com\\\/#website\",\"url\":\"https:\\\/\\\/kevingiailevra.com\\\/\",\"name\":\"Kevin Giai-Levra\",\"description\":\"Creative copywriter &amp; strategist. Human golden retriever.\",\"potentialAction\":[{\"@type\":\"SearchAction\",\"target\":{\"@type\":\"EntryPoint\",\"urlTemplate\":\"https:\\\/\\\/kevingiailevra.com\\\/?s={search_term_string}\"},\"query-input\":{\"@type\":\"PropertyValueSpecification\",\"valueRequired\":true,\"valueName\":\"search_term_string\"}}],\"inLanguage\":\"en-US\"}]}<\/script>\n<!-- \/ Yoast SEO plugin. -->","yoast_head_json":{"title":"French Red Cross - Kevin Giai-Levra","robots":{"index":"index","follow":"follow","max-snippet":"max-snippet:-1","max-image-preview":"max-image-preview:large","max-video-preview":"max-video-preview:-1"},"canonical":"https:\/\/kevingiailevra.com\/croix-rouge-francaise\/","og_locale":"en_US","og_type":"article","og_title":"French Red Cross - Kevin Giai-Levra","og_description":"Prenez en main la vie, faites un geste pour en sauver avec Make The Move. Le point de d\u00e9part :En France, 1 personne sur 10 seulement conna\u00eet les gestes qui sauvent. Mais combien savent faire le dab, danser la Macarena ou le Gangnam Style ? L&#8217;id\u00e9e :Inscrire les gestes qui sauvent dans la culture populaire, [&hellip;]","og_url":"https:\/\/kevingiailevra.com\/croix-rouge-francaise\/","og_site_name":"Kevin Giai-Levra","article_modified_time":"2018-10-26T04:27:42+00:00","og_image":[{"url":"http:\/\/kevingiailevra.com\/wp-content\/uploads\/2018\/08\/CRF-MakeTheMove-outdoor-A3-768x543.jpg","type":"","width":"","height":""}],"twitter_card":"summary_large_image","twitter_misc":{"Est. reading time":"1 minute"},"schema":{"@context":"https:\/\/schema.org","@graph":[{"@type":"WebPage","@id":"https:\/\/kevingiailevra.com\/croix-rouge-francaise\/","url":"https:\/\/kevingiailevra.com\/croix-rouge-francaise\/","name":"French Red Cross - Kevin Giai-Levra","isPartOf":{"@id":"https:\/\/kevingiailevra.com\/#website"},"primaryImageOfPage":{"@id":"https:\/\/kevingiailevra.com\/croix-rouge-francaise\/#primaryimage"},"image":{"@id":"https:\/\/kevingiailevra.com\/croix-rouge-francaise\/#primaryimage"},"thumbnailUrl":"http:\/\/kevingiailevra.com\/wp-content\/uploads\/2018\/08\/CRF-MakeTheMove-outdoor-A3-768x543.jpg","datePublished":"2018-10-25T17:54:14+00:00","dateModified":"2018-10-26T04:27:42+00:00","breadcrumb":{"@id":"https:\/\/kevingiailevra.com\/croix-rouge-francaise\/#breadcrumb"},"inLanguage":"en-US","potentialAction":[{"@type":"ReadAction","target":["https:\/\/kevingiailevra.com\/croix-rouge-francaise\/"]}]},{"@type":"ImageObject","inLanguage":"en-US","@id":"https:\/\/kevingiailevra.com\/croix-rouge-francaise\/#primaryimage","url":"http:\/\/kevingiailevra.com\/wp-content\/uploads\/2018\/08\/CRF-MakeTheMove-outdoor-A3-768x543.jpg","contentUrl":"http:\/\/kevingiailevra.com\/wp-content\/uploads\/2018\/08\/CRF-MakeTheMove-outdoor-A3-768x543.jpg"},{"@type":"BreadcrumbList","@id":"https:\/\/kevingiailevra.com\/croix-rouge-francaise\/#breadcrumb","itemListElement":[{"@type":"ListItem","position":1,"name":"Accueil","item":"https:\/\/kevingiailevra.com\/"},{"@type":"ListItem","position":2,"name":"Croix-Rouge fran\u00e7aise"}]},{"@type":"WebSite","@id":"https:\/\/kevingiailevra.com\/#website","url":"https:\/\/kevingiailevra.com\/","name":"Kevin Giai-Levra","description":"Creative copywriter &amp; strategist. Human golden retriever.","potentialAction":[{"@type":"SearchAction","target":{"@type":"EntryPoint","urlTemplate":"https:\/\/kevingiailevra.com\/?s={search_term_string}"},"query-input":{"@type":"PropertyValueSpecification","valueRequired":true,"valueName":"search_term_string"}}],"inLanguage":"en-US"}]}},"_links":{"self":[{"href":"https:\/\/kevingiailevra.com\/en\/wp-json\/wp\/v2\/pages\/209","targetHints":{"allow":["GET"]}}],"collection":[{"href":"https:\/\/kevingiailevra.com\/en\/wp-json\/wp\/v2\/pages"}],"about":[{"href":"https:\/\/kevingiailevra.com\/en\/wp-json\/wp\/v2\/types\/page"}],"author":[{"embeddable":true,"href":"https:\/\/kevingiailevra.com\/en\/wp-json\/wp\/v2\/users\/1"}],"replies":[{"embeddable":true,"href":"https:\/\/kevingiailevra.com\/en\/wp-json\/wp\/v2\/comments?post=209"}],"version-history":[{"count":0,"href":"https:\/\/kevingiailevra.com\/en\/wp-json\/wp\/v2\/pages\/209\/revisions"}],"wp:attachment":[{"href":"https:\/\/kevingiailevra.com\/en\/wp-json\/wp\/v2\/media?parent=209"}],"curies":[{"name":"wp","href":"https:\/\/api.w.org\/{rel}","templated":true}]}}