{"id":1203,"date":"2025-01-06T23:48:13","date_gmt":"2025-01-06T21:48:13","guid":{"rendered":"https:\/\/kevingiailevra.com\/?page_id=1203"},"modified":"2025-01-07T00:01:37","modified_gmt":"2025-01-06T22:01:37","slug":"portfolio-3","status":"publish","type":"page","link":"https:\/\/kevingiailevra.com\/en\/","title":{"rendered":"Kevin Giai-Levra, strat\u00e8ge cr\u00e9atif"},"content":{"rendered":"\n<div class=\"wp-block-group alignfull has-global-padding is-layout-constrained wp-container-core-group-is-layout-b25ccd55 wp-block-group-is-layout-constrained\" style=\"margin-top:0;margin-bottom:0;padding-top:var(--wp--preset--spacing--50);padding-right:var(--wp--preset--spacing--50);padding-bottom:var(--wp--preset--spacing--50);padding-left:var(--wp--preset--spacing--50)\">\n<div class=\"wp-block-columns alignwide is-layout-flex wp-container-core-columns-is-layout-ff4b9c61 wp-block-columns-is-layout-flex\" style=\"margin-top:0;margin-bottom:0\">\n<div class=\"wp-block-column is-layout-flow wp-container-core-column-is-layout-8a368f38 wp-block-column-is-layout-flow\">\n<figure class=\"wp-block-embed is-type-video is-provider-youtube wp-block-embed-youtube wp-embed-aspect-16-9 wp-has-aspect-ratio\"><div class=\"wp-block-embed__wrapper\">\n<iframe loading=\"lazy\" title=\"Proprio Direct - L\u00e0 pour vous, et avec vous - FR 30&#039;&#039;\" width=\"500\" height=\"281\" src=\"https:\/\/www.youtube.com\/embed\/t2cRpb045oo?feature=oembed\" frameborder=\"0\" allow=\"accelerometer; autoplay; clipboard-write; encrypted-media; gyroscope; picture-in-picture; web-share\" referrerpolicy=\"strict-origin-when-cross-origin\" allowfullscreen><\/iframe>\n<\/div><\/figure>\n\n\n\n<div style=\"height:var(--wp--preset--spacing--50)\" aria-hidden=\"true\" class=\"wp-block-spacer\"><\/div>\n\n\n\n<figure data-wp-context=\"{&quot;imageId&quot;:&quot;69e39cfe275ea&quot;}\" data-wp-interactive=\"core\/image\" data-wp-key=\"69e39cfe275ea\" class=\"wp-block-image size-full is-style-rounded is-style-rounded--1 wp-lightbox-container\"><img loading=\"lazy\" decoding=\"async\" width=\"434\" height=\"630\" data-wp-class--hide=\"state.isContentHidden\" data-wp-class--show=\"state.isContentVisible\" data-wp-init=\"callbacks.setButtonStyles\" data-wp-on--click=\"actions.showLightbox\" data-wp-on--load=\"callbacks.setButtonStyles\" data-wp-on-window--resize=\"callbacks.setButtonStyles\" src=\"https:\/\/kevingiailevra.com\/wp-content\/uploads\/2018\/08\/citroen1.jpg\" alt=\"\" class=\"wp-image-27\" style=\"aspect-ratio:3\/4;object-fit:cover\" srcset=\"https:\/\/kevingiailevra.com\/wp-content\/uploads\/2018\/08\/citroen1.jpg 434w, https:\/\/kevingiailevra.com\/wp-content\/uploads\/2018\/08\/citroen1-207x300.jpg 207w, https:\/\/kevingiailevra.com\/wp-content\/uploads\/2018\/08\/citroen1-372x540.jpg 372w\" sizes=\"auto, (max-width: 434px) 100vw, 434px\" \/><button\n\t\t\tclass=\"lightbox-trigger\"\n\t\t\ttype=\"button\"\n\t\t\taria-haspopup=\"dialog\"\n\t\t\taria-label=\"Enlarge\"\n\t\t\tdata-wp-init=\"callbacks.initTriggerButton\"\n\t\t\tdata-wp-on--click=\"actions.showLightbox\"\n\t\t\tdata-wp-style--right=\"state.imageButtonRight\"\n\t\t\tdata-wp-style--top=\"state.imageButtonTop\"\n\t\t>\n\t\t\t<svg xmlns=\"http:\/\/www.w3.org\/2000\/svg\" width=\"12\" height=\"12\" fill=\"none\" viewBox=\"0 0 12 12\">\n\t\t\t\t<path fill=\"#fff\" d=\"M2 0a2 2 0 0 0-2 2v2h1.5V2a.5.5 0 0 1 .5-.5h2V0H2Zm2 10.5H2a.5.5 0 0 1-.5-.5V8H0v2a2 2 0 0 0 2 2h2v-1.5ZM8 12v-1.5h2a.5.5 0 0 0 .5-.5V8H12v2a2 2 0 0 1-2 2H8Zm2-12a2 2 0 0 1 2 2v2h-1.5V2a.5.5 0 0 0-.5-.5H8V0h2Z\" \/>\n\t\t\t<\/svg>\n\t\t<\/button><\/figure>\n\n\n\n<div style=\"height:var(--wp--preset--spacing--50)\" aria-hidden=\"true\" class=\"wp-block-spacer\"><\/div>\n\n\n\n<figure class=\"wp-block-embed is-type-video is-provider-youtube wp-block-embed-youtube wp-embed-aspect-4-3 wp-has-aspect-ratio\"><div class=\"wp-block-embed__wrapper\">\n<iframe loading=\"lazy\" title=\"Cisco Spark\" width=\"500\" height=\"375\" src=\"https:\/\/www.youtube.com\/embed\/Bq6cYHn47-g?feature=oembed\" frameborder=\"0\" allow=\"accelerometer; autoplay; clipboard-write; encrypted-media; gyroscope; picture-in-picture; web-share\" referrerpolicy=\"strict-origin-when-cross-origin\" allowfullscreen><\/iframe>\n<\/div><\/figure>\n<\/div>\n\n\n\n<div class=\"wp-block-column is-layout-flow wp-container-core-column-is-layout-8a368f38 wp-block-column-is-layout-flow\">\n<div style=\"height:var(--wp--preset--spacing--50)\" aria-hidden=\"true\" class=\"wp-block-spacer\"><\/div>\n\n\n\n<figure class=\"wp-block-embed is-type-video is-provider-youtube wp-block-embed-youtube wp-embed-aspect-16-9 wp-has-aspect-ratio\"><div class=\"wp-block-embed__wrapper\">\n<iframe loading=\"lazy\" title=\"#OnJoueADomicile | ELECTRO DEPOT\" width=\"500\" height=\"281\" src=\"https:\/\/www.youtube.com\/embed\/C71A1e2jr6M?list=PL_AAnCzBRDwTGHN4pLI615JjIpXF_MVdi\" frameborder=\"0\" allow=\"accelerometer; autoplay; clipboard-write; encrypted-media; gyroscope; picture-in-picture; web-share\" referrerpolicy=\"strict-origin-when-cross-origin\" allowfullscreen><\/iframe>\n<\/div><\/figure>\n\n\n\n<div style=\"height:var(--wp--preset--spacing--50)\" aria-hidden=\"true\" class=\"wp-block-spacer\"><\/div>\n\n\n\n<figure data-wp-context=\"{&quot;imageId&quot;:&quot;69e39cfe29db1&quot;}\" data-wp-interactive=\"core\/image\" data-wp-key=\"69e39cfe29db1\" class=\"wp-block-image size-large is-style-rounded is-style-rounded--2 wp-lightbox-container\"><img loading=\"lazy\" decoding=\"async\" width=\"724\" height=\"1024\" data-wp-class--hide=\"state.isContentHidden\" data-wp-class--show=\"state.isContentVisible\" data-wp-init=\"callbacks.setButtonStyles\" data-wp-on--click=\"actions.showLightbox\" data-wp-on--load=\"callbacks.setButtonStyles\" data-wp-on-window--resize=\"callbacks.setButtonStyles\" src=\"https:\/\/kevingiailevra.com\/wp-content\/uploads\/2018\/08\/b6111937024943.57321f56d765b-724x1024.jpg\" alt=\"\" class=\"wp-image-24\" style=\"aspect-ratio:1;object-fit:cover\" srcset=\"https:\/\/kevingiailevra.com\/wp-content\/uploads\/2018\/08\/b6111937024943.57321f56d765b-724x1024.jpg 724w, https:\/\/kevingiailevra.com\/wp-content\/uploads\/2018\/08\/b6111937024943.57321f56d765b-212x300.jpg 212w, https:\/\/kevingiailevra.com\/wp-content\/uploads\/2018\/08\/b6111937024943.57321f56d765b-768x1086.jpg 768w, https:\/\/kevingiailevra.com\/wp-content\/uploads\/2018\/08\/b6111937024943.57321f56d765b-382x540.jpg 382w, https:\/\/kevingiailevra.com\/wp-content\/uploads\/2018\/08\/b6111937024943.57321f56d765b.jpg 1697w\" sizes=\"auto, (max-width: 724px) 100vw, 724px\" \/><button\n\t\t\tclass=\"lightbox-trigger\"\n\t\t\ttype=\"button\"\n\t\t\taria-haspopup=\"dialog\"\n\t\t\taria-label=\"Enlarge\"\n\t\t\tdata-wp-init=\"callbacks.initTriggerButton\"\n\t\t\tdata-wp-on--click=\"actions.showLightbox\"\n\t\t\tdata-wp-style--right=\"state.imageButtonRight\"\n\t\t\tdata-wp-style--top=\"state.imageButtonTop\"\n\t\t>\n\t\t\t<svg xmlns=\"http:\/\/www.w3.org\/2000\/svg\" width=\"12\" height=\"12\" fill=\"none\" viewBox=\"0 0 12 12\">\n\t\t\t\t<path fill=\"#fff\" d=\"M2 0a2 2 0 0 0-2 2v2h1.5V2a.5.5 0 0 1 .5-.5h2V0H2Zm2 10.5H2a.5.5 0 0 1-.5-.5V8H0v2a2 2 0 0 0 2 2h2v-1.5ZM8 12v-1.5h2a.5.5 0 0 0 .5-.5V8H12v2a2 2 0 0 1-2 2H8Zm2-12a2 2 0 0 1 2 2v2h-1.5V2a.5.5 0 0 0-.5-.5H8V0h2Z\" \/>\n\t\t\t<\/svg>\n\t\t<\/button><\/figure>\n\n\n\n<div style=\"height:var(--wp--preset--spacing--50)\" aria-hidden=\"true\" class=\"wp-block-spacer\"><\/div>\n\n\n\n<figure data-wp-context=\"{&quot;imageId&quot;:&quot;69e39cfe2b92e&quot;}\" data-wp-interactive=\"core\/image\" data-wp-key=\"69e39cfe2b92e\" class=\"wp-block-image size-large is-style-rounded is-style-rounded--3 wp-lightbox-container\"><img loading=\"lazy\" decoding=\"async\" width=\"744\" height=\"1024\" data-wp-class--hide=\"state.isContentHidden\" data-wp-class--show=\"state.isContentVisible\" data-wp-init=\"callbacks.setButtonStyles\" data-wp-on--click=\"actions.showLightbox\" data-wp-on--load=\"callbacks.setButtonStyles\" data-wp-on-window--resize=\"callbacks.setButtonStyles\" src=\"https:\/\/kevingiailevra.com\/wp-content\/uploads\/2018\/08\/airbnb-744x1024.png\" alt=\"\" class=\"wp-image-23\" style=\"aspect-ratio:1;object-fit:cover\" srcset=\"https:\/\/kevingiailevra.com\/wp-content\/uploads\/2018\/08\/airbnb-744x1024.png 744w, https:\/\/kevingiailevra.com\/wp-content\/uploads\/2018\/08\/airbnb-218x300.png 218w, https:\/\/kevingiailevra.com\/wp-content\/uploads\/2018\/08\/airbnb-768x1057.png 768w, https:\/\/kevingiailevra.com\/wp-content\/uploads\/2018\/08\/airbnb-392x540.png 392w\" sizes=\"auto, (max-width: 744px) 100vw, 744px\" \/><button\n\t\t\tclass=\"lightbox-trigger\"\n\t\t\ttype=\"button\"\n\t\t\taria-haspopup=\"dialog\"\n\t\t\taria-label=\"Enlarge\"\n\t\t\tdata-wp-init=\"callbacks.initTriggerButton\"\n\t\t\tdata-wp-on--click=\"actions.showLightbox\"\n\t\t\tdata-wp-style--right=\"state.imageButtonRight\"\n\t\t\tdata-wp-style--top=\"state.imageButtonTop\"\n\t\t>\n\t\t\t<svg xmlns=\"http:\/\/www.w3.org\/2000\/svg\" width=\"12\" height=\"12\" fill=\"none\" viewBox=\"0 0 12 12\">\n\t\t\t\t<path fill=\"#fff\" d=\"M2 0a2 2 0 0 0-2 2v2h1.5V2a.5.5 0 0 1 .5-.5h2V0H2Zm2 10.5H2a.5.5 0 0 1-.5-.5V8H0v2a2 2 0 0 0 2 2h2v-1.5ZM8 12v-1.5h2a.5.5 0 0 0 .5-.5V8H12v2a2 2 0 0 1-2 2H8Zm2-12a2 2 0 0 1 2 2v2h-1.5V2a.5.5 0 0 0-.5-.5H8V0h2Z\" \/>\n\t\t\t<\/svg>\n\t\t<\/button><\/figure>\n<\/div>\n\n\n\n<div class=\"wp-block-column is-layout-flow wp-container-core-column-is-layout-8a368f38 wp-block-column-is-layout-flow\">\n<figure data-wp-context=\"{&quot;imageId&quot;:&quot;69e39cfe2d556&quot;}\" data-wp-interactive=\"core\/image\" data-wp-key=\"69e39cfe2d556\" class=\"wp-block-image size-large is-style-rounded is-style-rounded--4 wp-lightbox-container\"><img loading=\"lazy\" decoding=\"async\" width=\"761\" height=\"1024\" data-wp-class--hide=\"state.isContentHidden\" data-wp-class--show=\"state.isContentVisible\" data-wp-init=\"callbacks.setButtonStyles\" data-wp-on--click=\"actions.showLightbox\" data-wp-on--load=\"callbacks.setButtonStyles\" data-wp-on-window--resize=\"callbacks.setButtonStyles\" src=\"https:\/\/kevingiailevra.com\/wp-content\/uploads\/2021\/03\/c1614877495-realisation-fancybox-761x1024.jpeg\" alt=\"\" class=\"wp-image-523\" style=\"aspect-ratio:3\/4;object-fit:cover\" srcset=\"https:\/\/kevingiailevra.com\/wp-content\/uploads\/2021\/03\/c1614877495-realisation-fancybox-761x1024.jpeg 761w, https:\/\/kevingiailevra.com\/wp-content\/uploads\/2021\/03\/c1614877495-realisation-fancybox-223x300.jpeg 223w, https:\/\/kevingiailevra.com\/wp-content\/uploads\/2021\/03\/c1614877495-realisation-fancybox-768x1033.jpeg 768w, https:\/\/kevingiailevra.com\/wp-content\/uploads\/2021\/03\/c1614877495-realisation-fancybox-1142x1536.jpeg 1142w, https:\/\/kevingiailevra.com\/wp-content\/uploads\/2021\/03\/c1614877495-realisation-fancybox-1523x2048.jpeg 1523w, https:\/\/kevingiailevra.com\/wp-content\/uploads\/2021\/03\/c1614877495-realisation-fancybox-1200x1614.jpeg 1200w, https:\/\/kevingiailevra.com\/wp-content\/uploads\/2021\/03\/c1614877495-realisation-fancybox.jpeg 1600w\" sizes=\"auto, (max-width: 761px) 100vw, 761px\" \/><button\n\t\t\tclass=\"lightbox-trigger\"\n\t\t\ttype=\"button\"\n\t\t\taria-haspopup=\"dialog\"\n\t\t\taria-label=\"Enlarge\"\n\t\t\tdata-wp-init=\"callbacks.initTriggerButton\"\n\t\t\tdata-wp-on--click=\"actions.showLightbox\"\n\t\t\tdata-wp-style--right=\"state.imageButtonRight\"\n\t\t\tdata-wp-style--top=\"state.imageButtonTop\"\n\t\t>\n\t\t\t<svg xmlns=\"http:\/\/www.w3.org\/2000\/svg\" width=\"12\" height=\"12\" fill=\"none\" viewBox=\"0 0 12 12\">\n\t\t\t\t<path fill=\"#fff\" d=\"M2 0a2 2 0 0 0-2 2v2h1.5V2a.5.5 0 0 1 .5-.5h2V0H2Zm2 10.5H2a.5.5 0 0 1-.5-.5V8H0v2a2 2 0 0 0 2 2h2v-1.5ZM8 12v-1.5h2a.5.5 0 0 0 .5-.5V8H12v2a2 2 0 0 1-2 2H8Zm2-12a2 2 0 0 1 2 2v2h-1.5V2a.5.5 0 0 0-.5-.5H8V0h2Z\" \/>\n\t\t\t<\/svg>\n\t\t<\/button><\/figure>\n\n\n\n<div style=\"height:var(--wp--preset--spacing--50)\" aria-hidden=\"true\" class=\"wp-block-spacer\"><\/div>\n\n\n\n<figure data-wp-context=\"{&quot;imageId&quot;:&quot;69e39cfe2ee69&quot;}\" data-wp-interactive=\"core\/image\" data-wp-key=\"69e39cfe2ee69\" class=\"wp-block-image size-full is-style-rounded is-style-rounded--5 wp-lightbox-container\"><img loading=\"lazy\" decoding=\"async\" width=\"429\" height=\"617\" data-wp-class--hide=\"state.isContentHidden\" data-wp-class--show=\"state.isContentVisible\" data-wp-init=\"callbacks.setButtonStyles\" data-wp-on--click=\"actions.showLightbox\" data-wp-on--load=\"callbacks.setButtonStyles\" data-wp-on-window--resize=\"callbacks.setButtonStyles\" src=\"https:\/\/kevingiailevra.com\/wp-content\/uploads\/2018\/08\/capture-decran-2015-05-27-a-1136331446214500-realisation-fancybox.png\" alt=\"\" class=\"wp-image-25\" style=\"aspect-ratio:3\/4;object-fit:cover\" srcset=\"https:\/\/kevingiailevra.com\/wp-content\/uploads\/2018\/08\/capture-decran-2015-05-27-a-1136331446214500-realisation-fancybox.png 429w, https:\/\/kevingiailevra.com\/wp-content\/uploads\/2018\/08\/capture-decran-2015-05-27-a-1136331446214500-realisation-fancybox-209x300.png 209w, https:\/\/kevingiailevra.com\/wp-content\/uploads\/2018\/08\/capture-decran-2015-05-27-a-1136331446214500-realisation-fancybox-375x540.png 375w\" sizes=\"auto, (max-width: 429px) 100vw, 429px\" \/><button\n\t\t\tclass=\"lightbox-trigger\"\n\t\t\ttype=\"button\"\n\t\t\taria-haspopup=\"dialog\"\n\t\t\taria-label=\"Enlarge\"\n\t\t\tdata-wp-init=\"callbacks.initTriggerButton\"\n\t\t\tdata-wp-on--click=\"actions.showLightbox\"\n\t\t\tdata-wp-style--right=\"state.imageButtonRight\"\n\t\t\tdata-wp-style--top=\"state.imageButtonTop\"\n\t\t>\n\t\t\t<svg xmlns=\"http:\/\/www.w3.org\/2000\/svg\" width=\"12\" height=\"12\" fill=\"none\" viewBox=\"0 0 12 12\">\n\t\t\t\t<path fill=\"#fff\" d=\"M2 0a2 2 0 0 0-2 2v2h1.5V2a.5.5 0 0 1 .5-.5h2V0H2Zm2 10.5H2a.5.5 0 0 1-.5-.5V8H0v2a2 2 0 0 0 2 2h2v-1.5ZM8 12v-1.5h2a.5.5 0 0 0 .5-.5V8H12v2a2 2 0 0 1-2 2H8Zm2-12a2 2 0 0 1 2 2v2h-1.5V2a.5.5 0 0 0-.5-.5H8V0h2Z\" \/>\n\t\t\t<\/svg>\n\t\t<\/button><\/figure>\n\n\n\n<div style=\"height:var(--wp--preset--spacing--50)\" aria-hidden=\"true\" class=\"wp-block-spacer\"><\/div>\n\n\n\n<figure class=\"wp-block-embed is-type-video is-provider-youtube wp-block-embed-youtube wp-embed-aspect-4-3 wp-has-aspect-ratio\"><div class=\"wp-block-embed__wrapper\">\n<iframe loading=\"lazy\" title=\"SUP CCM 4 5 30sec 01\" width=\"500\" height=\"375\" src=\"https:\/\/www.youtube.com\/embed\/bYlnc6iLZeM?feature=oembed\" frameborder=\"0\" allow=\"accelerometer; autoplay; clipboard-write; encrypted-media; gyroscope; picture-in-picture; web-share\" referrerpolicy=\"strict-origin-when-cross-origin\" allowfullscreen><\/iframe>\n<\/div><\/figure>\n<\/div>\n\n\n\n<div class=\"wp-block-column is-layout-flow wp-container-core-column-is-layout-8a368f38 wp-block-column-is-layout-flow\">\n<div style=\"height:var(--wp--preset--spacing--50)\" aria-hidden=\"true\" class=\"wp-block-spacer\"><\/div>\n\n\n\n<figure data-wp-context=\"{&quot;imageId&quot;:&quot;69e39cfe3075f&quot;}\" data-wp-interactive=\"core\/image\" data-wp-key=\"69e39cfe3075f\" class=\"wp-block-image size-large is-style-rounded is-style-rounded--6 wp-lightbox-container\"><img loading=\"lazy\" decoding=\"async\" width=\"1024\" height=\"1024\" data-wp-class--hide=\"state.isContentHidden\" data-wp-class--show=\"state.isContentVisible\" data-wp-init=\"callbacks.setButtonStyles\" data-wp-on--click=\"actions.showLightbox\" data-wp-on--load=\"callbacks.setButtonStyles\" data-wp-on-window--resize=\"callbacks.setButtonStyles\" src=\"https:\/\/kevingiailevra.com\/wp-content\/uploads\/2024\/12\/420956148_803231151640011_3022557743472938745_n-1024x1024.jpg\" alt=\"Woolite\" class=\"wp-image-1122\" style=\"aspect-ratio:1;object-fit:cover\" srcset=\"https:\/\/kevingiailevra.com\/wp-content\/uploads\/2024\/12\/420956148_803231151640011_3022557743472938745_n-1024x1024.jpg 1024w, https:\/\/kevingiailevra.com\/wp-content\/uploads\/2024\/12\/420956148_803231151640011_3022557743472938745_n-300x300.jpg 300w, https:\/\/kevingiailevra.com\/wp-content\/uploads\/2024\/12\/420956148_803231151640011_3022557743472938745_n-150x150.jpg 150w, https:\/\/kevingiailevra.com\/wp-content\/uploads\/2024\/12\/420956148_803231151640011_3022557743472938745_n-768x768.jpg 768w, https:\/\/kevingiailevra.com\/wp-content\/uploads\/2024\/12\/420956148_803231151640011_3022557743472938745_n-1536x1536.jpg 1536w, https:\/\/kevingiailevra.com\/wp-content\/uploads\/2024\/12\/420956148_803231151640011_3022557743472938745_n.jpg 2048w\" sizes=\"auto, (max-width: 1024px) 100vw, 1024px\" \/><button\n\t\t\tclass=\"lightbox-trigger\"\n\t\t\ttype=\"button\"\n\t\t\taria-haspopup=\"dialog\"\n\t\t\taria-label=\"Enlarge\"\n\t\t\tdata-wp-init=\"callbacks.initTriggerButton\"\n\t\t\tdata-wp-on--click=\"actions.showLightbox\"\n\t\t\tdata-wp-style--right=\"state.imageButtonRight\"\n\t\t\tdata-wp-style--top=\"state.imageButtonTop\"\n\t\t>\n\t\t\t<svg xmlns=\"http:\/\/www.w3.org\/2000\/svg\" width=\"12\" height=\"12\" fill=\"none\" viewBox=\"0 0 12 12\">\n\t\t\t\t<path fill=\"#fff\" d=\"M2 0a2 2 0 0 0-2 2v2h1.5V2a.5.5 0 0 1 .5-.5h2V0H2Zm2 10.5H2a.5.5 0 0 1-.5-.5V8H0v2a2 2 0 0 0 2 2h2v-1.5ZM8 12v-1.5h2a.5.5 0 0 0 .5-.5V8H12v2a2 2 0 0 1-2 2H8Zm2-12a2 2 0 0 1 2 2v2h-1.5V2a.5.5 0 0 0-.5-.5H8V0h2Z\" \/>\n\t\t\t<\/svg>\n\t\t<\/button><\/figure>\n\n\n\n<div style=\"height:var(--wp--preset--spacing--50)\" aria-hidden=\"true\" class=\"wp-block-spacer\"><\/div>\n\n\n\n<figure class=\"wp-block-embed is-type-video is-provider-youtube wp-block-embed-youtube wp-embed-aspect-16-9 wp-has-aspect-ratio\"><div class=\"wp-block-embed__wrapper\">\n<iframe loading=\"lazy\" title=\"R\u00e9gions de France - Donner vie \u00e0 l&#039;avenir (30 sec)\" width=\"500\" height=\"281\" src=\"https:\/\/www.youtube.com\/embed\/m8Q6x3fxMW0?list=PL_AAnCzBRDwQA09r_C7n23BScTX5Leyvh\" frameborder=\"0\" allow=\"accelerometer; autoplay; clipboard-write; encrypted-media; gyroscope; picture-in-picture; web-share\" referrerpolicy=\"strict-origin-when-cross-origin\" allowfullscreen><\/iframe>\n<\/div><\/figure>\n\n\n\n<div style=\"height:var(--wp--preset--spacing--50)\" aria-hidden=\"true\" class=\"wp-block-spacer\"><\/div>\n\n\n\n<figure class=\"wp-block-embed is-type-video is-provider-youtube wp-block-embed-youtube wp-embed-aspect-4-3 wp-has-aspect-ratio\"><div class=\"wp-block-embed__wrapper\">\n<iframe loading=\"lazy\" title=\"AFB I La Banque  C&#039;est plein de jobs a\u0300 de\u0301couvrir ! Chloe\u0301, charge\u0301e cliente\u0300le particuliers\" width=\"500\" height=\"375\" src=\"https:\/\/www.youtube.com\/embed\/cABXHTErBCs?feature=oembed\" frameborder=\"0\" allow=\"accelerometer; autoplay; clipboard-write; encrypted-media; gyroscope; picture-in-picture; web-share\" referrerpolicy=\"strict-origin-when-cross-origin\" allowfullscreen><\/iframe>\n<\/div><\/figure>\n<\/div>\n<\/div>\n<\/div>\n","protected":false},"excerpt":{"rendered":"","protected":false},"author":1,"featured_media":0,"parent":0,"menu_order":0,"comment_status":"closed","ping_status":"closed","template":"","meta":{"footnotes":""},"class_list":["post-1203","page","type-page","status-publish","hentry"],"yoast_head":"<!-- This site is optimized with the Yoast SEO plugin v27.4 - https:\/\/yoast.com\/product\/yoast-seo-wordpress\/ -->\n<title>Kevin Giai-Levra, strat\u00e8ge cr\u00e9atif - Kevin Giai-Levra<\/title>\n<meta name=\"description\" content=\"(Fran\u00e7ais) Id\u00e9ateur. concepteur-r\u00e9dacteur. Golden retriever humain. Creative strategist &amp; copywriter. Human golden retriever.\" \/>\n<meta name=\"robots\" content=\"index, follow, max-snippet:-1, max-image-preview:large, max-video-preview:-1\" \/>\n<link rel=\"canonical\" href=\"https:\/\/kevingiailevra.com\/\" \/>\n<meta property=\"og:locale\" content=\"en_US\" \/>\n<meta property=\"og:type\" content=\"article\" \/>\n<meta property=\"og:title\" content=\"Kevin Giai-Levra, strat\u00e8ge cr\u00e9atif - Kevin Giai-Levra\" \/>\n<meta property=\"og:description\" content=\"{:fr}Id\u00e9ateur. concepteur-r\u00e9dacteur. Golden retriever humain. Creative strategist &amp; copywriter. Human golden retriever. {:}\" \/>\n<meta property=\"og:url\" content=\"https:\/\/kevingiailevra.com\/\" \/>\n<meta property=\"og:site_name\" content=\"Kevin Giai-Levra\" \/>\n<meta property=\"article:modified_time\" content=\"2025-01-06T22:01:37+00:00\" \/>\n<meta property=\"og:image\" content=\"https:\/\/kevingiailevra.com\/wp-content\/uploads\/2018\/08\/citroen1.jpg\" \/>\n\t<meta property=\"og:image:width\" content=\"434\" \/>\n\t<meta property=\"og:image:height\" content=\"630\" \/>\n\t<meta property=\"og:image:type\" content=\"image\/jpeg\" \/>\n<meta name=\"twitter:card\" content=\"summary_large_image\" \/>\n<meta name=\"twitter:label1\" content=\"Est. reading time\" \/>\n\t<meta name=\"twitter:data1\" content=\"2 minutes\" \/>\n<script type=\"application\/ld+json\" class=\"yoast-schema-graph\">{\"@context\":\"https:\\\/\\\/schema.org\",\"@graph\":[{\"@type\":\"WebPage\",\"@id\":\"https:\\\/\\\/kevingiailevra.com\\\/\",\"url\":\"https:\\\/\\\/kevingiailevra.com\\\/\",\"name\":\"Kevin Giai-Levra, strat\u00e8ge cr\u00e9atif - Kevin Giai-Levra\",\"isPartOf\":{\"@id\":\"https:\\\/\\\/kevingiailevra.com\\\/#website\"},\"primaryImageOfPage\":{\"@id\":\"https:\\\/\\\/kevingiailevra.com\\\/#primaryimage\"},\"image\":{\"@id\":\"https:\\\/\\\/kevingiailevra.com\\\/#primaryimage\"},\"thumbnailUrl\":\"https:\\\/\\\/kevingiailevra.com\\\/wp-content\\\/uploads\\\/2018\\\/08\\\/citroen1.jpg\",\"datePublished\":\"2025-01-06T21:48:13+00:00\",\"dateModified\":\"2025-01-06T22:01:37+00:00\",\"description\":\"{:fr}Id\u00e9ateur. concepteur-r\u00e9dacteur. Golden retriever humain. Creative strategist & copywriter. Human golden retriever. {:}\",\"breadcrumb\":{\"@id\":\"https:\\\/\\\/kevingiailevra.com\\\/#breadcrumb\"},\"inLanguage\":\"en-US\",\"potentialAction\":[{\"@type\":\"ReadAction\",\"target\":[\"https:\\\/\\\/kevingiailevra.com\\\/\"]}]},{\"@type\":\"ImageObject\",\"inLanguage\":\"en-US\",\"@id\":\"https:\\\/\\\/kevingiailevra.com\\\/#primaryimage\",\"url\":\"https:\\\/\\\/kevingiailevra.com\\\/wp-content\\\/uploads\\\/2018\\\/08\\\/citroen1.jpg\",\"contentUrl\":\"https:\\\/\\\/kevingiailevra.com\\\/wp-content\\\/uploads\\\/2018\\\/08\\\/citroen1.jpg\"},{\"@type\":\"BreadcrumbList\",\"@id\":\"https:\\\/\\\/kevingiailevra.com\\\/#breadcrumb\",\"itemListElement\":[{\"@type\":\"ListItem\",\"position\":1,\"name\":\"Accueil\",\"item\":\"https:\\\/\\\/kevingiailevra.com\\\/\"},{\"@type\":\"ListItem\",\"position\":2,\"name\":\"Kevin Giai-Levra, strat\u00e8ge cr\u00e9atif\"}]},{\"@type\":\"WebSite\",\"@id\":\"https:\\\/\\\/kevingiailevra.com\\\/#website\",\"url\":\"https:\\\/\\\/kevingiailevra.com\\\/\",\"name\":\"Kevin Giai-Levra\",\"description\":\"Creative copywriter &amp; strategist. Human golden retriever.\",\"potentialAction\":[{\"@type\":\"SearchAction\",\"target\":{\"@type\":\"EntryPoint\",\"urlTemplate\":\"https:\\\/\\\/kevingiailevra.com\\\/?s={search_term_string}\"},\"query-input\":{\"@type\":\"PropertyValueSpecification\",\"valueRequired\":true,\"valueName\":\"search_term_string\"}}],\"inLanguage\":\"en-US\"}]}<\/script>\n<!-- \/ Yoast SEO plugin. -->","yoast_head_json":{"title":"Kevin Giai-Levra, strat\u00e8ge cr\u00e9atif - Kevin Giai-Levra","description":"(Fran\u00e7ais) Id\u00e9ateur. concepteur-r\u00e9dacteur. Golden retriever humain. Creative strategist & copywriter. Human golden retriever.","robots":{"index":"index","follow":"follow","max-snippet":"max-snippet:-1","max-image-preview":"max-image-preview:large","max-video-preview":"max-video-preview:-1"},"canonical":"https:\/\/kevingiailevra.com\/","og_locale":"en_US","og_type":"article","og_title":"Kevin Giai-Levra, strat\u00e8ge cr\u00e9atif - Kevin Giai-Levra","og_description":"{:fr}Id\u00e9ateur. concepteur-r\u00e9dacteur. Golden retriever humain. Creative strategist & copywriter. Human golden retriever. {:}","og_url":"https:\/\/kevingiailevra.com\/","og_site_name":"Kevin Giai-Levra","article_modified_time":"2025-01-06T22:01:37+00:00","og_image":[{"width":434,"height":630,"url":"https:\/\/kevingiailevra.com\/wp-content\/uploads\/2018\/08\/citroen1.jpg","type":"image\/jpeg"}],"twitter_card":"summary_large_image","twitter_misc":{"Est. reading time":"2 minutes"},"schema":{"@context":"https:\/\/schema.org","@graph":[{"@type":"WebPage","@id":"https:\/\/kevingiailevra.com\/","url":"https:\/\/kevingiailevra.com\/","name":"Kevin Giai-Levra, strat\u00e8ge cr\u00e9atif - Kevin Giai-Levra","isPartOf":{"@id":"https:\/\/kevingiailevra.com\/#website"},"primaryImageOfPage":{"@id":"https:\/\/kevingiailevra.com\/#primaryimage"},"image":{"@id":"https:\/\/kevingiailevra.com\/#primaryimage"},"thumbnailUrl":"https:\/\/kevingiailevra.com\/wp-content\/uploads\/2018\/08\/citroen1.jpg","datePublished":"2025-01-06T21:48:13+00:00","dateModified":"2025-01-06T22:01:37+00:00","description":"{:fr}Id\u00e9ateur. concepteur-r\u00e9dacteur. Golden retriever humain. Creative strategist & copywriter. Human golden retriever. {:}","breadcrumb":{"@id":"https:\/\/kevingiailevra.com\/#breadcrumb"},"inLanguage":"en-US","potentialAction":[{"@type":"ReadAction","target":["https:\/\/kevingiailevra.com\/"]}]},{"@type":"ImageObject","inLanguage":"en-US","@id":"https:\/\/kevingiailevra.com\/#primaryimage","url":"https:\/\/kevingiailevra.com\/wp-content\/uploads\/2018\/08\/citroen1.jpg","contentUrl":"https:\/\/kevingiailevra.com\/wp-content\/uploads\/2018\/08\/citroen1.jpg"},{"@type":"BreadcrumbList","@id":"https:\/\/kevingiailevra.com\/#breadcrumb","itemListElement":[{"@type":"ListItem","position":1,"name":"Accueil","item":"https:\/\/kevingiailevra.com\/"},{"@type":"ListItem","position":2,"name":"Kevin Giai-Levra, strat\u00e8ge cr\u00e9atif"}]},{"@type":"WebSite","@id":"https:\/\/kevingiailevra.com\/#website","url":"https:\/\/kevingiailevra.com\/","name":"Kevin Giai-Levra","description":"Creative copywriter &amp; strategist. Human golden retriever.","potentialAction":[{"@type":"SearchAction","target":{"@type":"EntryPoint","urlTemplate":"https:\/\/kevingiailevra.com\/?s={search_term_string}"},"query-input":{"@type":"PropertyValueSpecification","valueRequired":true,"valueName":"search_term_string"}}],"inLanguage":"en-US"}]}},"_links":{"self":[{"href":"https:\/\/kevingiailevra.com\/en\/wp-json\/wp\/v2\/pages\/1203","targetHints":{"allow":["GET"]}}],"collection":[{"href":"https:\/\/kevingiailevra.com\/en\/wp-json\/wp\/v2\/pages"}],"about":[{"href":"https:\/\/kevingiailevra.com\/en\/wp-json\/wp\/v2\/types\/page"}],"author":[{"embeddable":true,"href":"https:\/\/kevingiailevra.com\/en\/wp-json\/wp\/v2\/users\/1"}],"replies":[{"embeddable":true,"href":"https:\/\/kevingiailevra.com\/en\/wp-json\/wp\/v2\/comments?post=1203"}],"version-history":[{"count":4,"href":"https:\/\/kevingiailevra.com\/en\/wp-json\/wp\/v2\/pages\/1203\/revisions"}],"predecessor-version":[{"id":1216,"href":"https:\/\/kevingiailevra.com\/en\/wp-json\/wp\/v2\/pages\/1203\/revisions\/1216"}],"wp:attachment":[{"href":"https:\/\/kevingiailevra.com\/en\/wp-json\/wp\/v2\/media?parent=1203"}],"curies":[{"name":"wp","href":"https:\/\/api.w.org\/{rel}","templated":true}]}}