{"id":1118,"date":"2024-12-21T08:40:46","date_gmt":"2024-12-21T06:40:46","guid":{"rendered":"https:\/\/kevingiailevra.com\/?page_id=1118"},"modified":"2025-01-06T22:36:34","modified_gmt":"2025-01-06T20:36:34","slug":"portfolio","status":"publish","type":"page","link":"https:\/\/kevingiailevra.com\/en\/portfolio\/","title":{"rendered":"Kevin Giai-Levra"},"content":{"rendered":"\n\n<h1 class=\"wp-block-heading has-global-padding is-layout-constrained wp-block-group-is-layout-constrained\" style=\"line-height: 1.2; text-align: center;\">Strat\u00e8ge cr\u00e9atif<\/h1>\n\n\n\n\n\n<figure class=\"is-layout-flow wp-container-core-column-is-layout-8a368f38 wp-block-column-is-layout-flow is-layout-flex wp-container-core-columns-is-layout-ff4b9c61 wp-block-columns-is-layout-flex has-global-padding is-layout-constrained wp-container-core-group-is-layout-b25ccd55 wp-block-group-is-layout-constrained\">\n<iframe loading=\"lazy\" title=\"Proprio Direct - L\u00e0 pour vous, et avec vous - FR 30&#039;&#039;\" width=\"500\" height=\"281\" src=\"https:\/\/www.youtube.com\/embed\/t2cRpb045oo?feature=oembed\" frameborder=\"0\" allow=\"accelerometer; autoplay; clipboard-write; encrypted-media; gyroscope; picture-in-picture; web-share\" referrerpolicy=\"strict-origin-when-cross-origin\" allowfullscreen><\/iframe>\n<\/figure>\n\n\u00a0\n\n<figure class=\"wp-block-gallery-2 is-layout-flex wp-block-gallery-is-layout-flex\">\n<figure data-wp-context=\"{&quot;imageId&quot;:&quot;69f26d370a732&quot;}\" data-wp-interactive=\"core\/image\" data-wp-key=\"69f26d370a732\" class=\"is-style-rounded--1 wp-lightbox-container\"><img decoding=\"async\" data-wp-class--hide=\"state.isContentHidden\" data-wp-class--show=\"state.isContentVisible\" data-wp-init=\"callbacks.setButtonStyles\" data-wp-on--click=\"actions.showLightbox\" data-wp-on--load=\"callbacks.setButtonStyles\" data-wp-on-window--resize=\"callbacks.setButtonStyles\" data-id=\"27\" style=\"aspect-ratio: 3\/4; object-fit: cover;\" src=\"https:\/\/kevingiailevra.com\/wp-content\/uploads\/2018\/08\/citroen1.jpg\" alt=\"\" \/><button\n\t\t\tclass=\"lightbox-trigger\"\n\t\t\ttype=\"button\"\n\t\t\taria-haspopup=\"dialog\"\n\t\t\taria-label=\"Enlarge\"\n\t\t\tdata-wp-init=\"callbacks.initTriggerButton\"\n\t\t\tdata-wp-on--click=\"actions.showLightbox\"\n\t\t\tdata-wp-style--right=\"state.imageButtonRight\"\n\t\t\tdata-wp-style--top=\"state.imageButtonTop\"\n\t\t>\n\t\t\t<svg xmlns=\"http:\/\/www.w3.org\/2000\/svg\" width=\"12\" height=\"12\" fill=\"none\" viewBox=\"0 0 12 12\">\n\t\t\t\t<path fill=\"#fff\" d=\"M2 0a2 2 0 0 0-2 2v2h1.5V2a.5.5 0 0 1 .5-.5h2V0H2Zm2 10.5H2a.5.5 0 0 1-.5-.5V8H0v2a2 2 0 0 0 2 2h2v-1.5ZM8 12v-1.5h2a.5.5 0 0 0 .5-.5V8H12v2a2 2 0 0 1-2 2H8Zm2-12a2 2 0 0 1 2 2v2h-1.5V2a.5.5 0 0 0-.5-.5H8V0h2Z\" \/>\n\t\t\t<\/svg>\n\t\t<\/button><\/figure>\n<\/figure>\n\n\u00a0\n\n<figure>\n<iframe loading=\"lazy\" title=\"Cisco Spark\" width=\"500\" height=\"375\" src=\"https:\/\/www.youtube.com\/embed\/Bq6cYHn47-g?feature=oembed\" frameborder=\"0\" allow=\"accelerometer; autoplay; clipboard-write; encrypted-media; gyroscope; picture-in-picture; web-share\" referrerpolicy=\"strict-origin-when-cross-origin\" allowfullscreen><\/iframe>\n<\/figure>\n\n\n\n\u00a0\n\n<figure class=\"is-layout-flow wp-container-core-column-is-layout-8a368f38 wp-block-column-is-layout-flow\">\n<iframe loading=\"lazy\" title=\"#OnJoueADomicile | ELECTRO DEPOT\" width=\"500\" height=\"281\" src=\"https:\/\/www.youtube.com\/embed\/C71A1e2jr6M?list=PL_AAnCzBRDwTGHN4pLI615JjIpXF_MVdi\" frameborder=\"0\" allow=\"accelerometer; autoplay; clipboard-write; encrypted-media; gyroscope; picture-in-picture; web-share\" referrerpolicy=\"strict-origin-when-cross-origin\" allowfullscreen><\/iframe>\n<\/figure>\n\n\u00a0\n\n<figure class=\"wp-block-gallery-4 is-layout-flex wp-block-gallery-is-layout-flex\">\n<figure data-wp-context=\"{&quot;imageId&quot;:&quot;69f26d370e47a&quot;}\" data-wp-interactive=\"core\/image\" data-wp-key=\"69f26d370e47a\" class=\"is-style-rounded--3 wp-lightbox-container\"><img decoding=\"async\" data-wp-class--hide=\"state.isContentHidden\" data-wp-class--show=\"state.isContentVisible\" data-wp-init=\"callbacks.setButtonStyles\" data-wp-on--click=\"actions.showLightbox\" data-wp-on--load=\"callbacks.setButtonStyles\" data-wp-on-window--resize=\"callbacks.setButtonStyles\" data-id=\"522\" style=\"aspect-ratio: 3\/4; object-fit: cover;\" src=\"https:\/\/kevingiailevra.com\/wp-content\/uploads\/2021\/03\/a1614877493-realisation-fancybox-761x1024.jpeg\" alt=\"\" \/><button\n\t\t\tclass=\"lightbox-trigger\"\n\t\t\ttype=\"button\"\n\t\t\taria-haspopup=\"dialog\"\n\t\t\taria-label=\"Enlarge\"\n\t\t\tdata-wp-init=\"callbacks.initTriggerButton\"\n\t\t\tdata-wp-on--click=\"actions.showLightbox\"\n\t\t\tdata-wp-style--right=\"state.imageButtonRight\"\n\t\t\tdata-wp-style--top=\"state.imageButtonTop\"\n\t\t>\n\t\t\t<svg xmlns=\"http:\/\/www.w3.org\/2000\/svg\" width=\"12\" height=\"12\" fill=\"none\" viewBox=\"0 0 12 12\">\n\t\t\t\t<path fill=\"#fff\" d=\"M2 0a2 2 0 0 0-2 2v2h1.5V2a.5.5 0 0 1 .5-.5h2V0H2Zm2 10.5H2a.5.5 0 0 1-.5-.5V8H0v2a2 2 0 0 0 2 2h2v-1.5ZM8 12v-1.5h2a.5.5 0 0 0 .5-.5V8H12v2a2 2 0 0 1-2 2H8Zm2-12a2 2 0 0 1 2 2v2h-1.5V2a.5.5 0 0 0-.5-.5H8V0h2Z\" \/>\n\t\t\t<\/svg>\n\t\t<\/button><\/figure>\n<\/figure>\n\n<figure class=\"wp-block-gallery-5 is-layout-flex wp-block-gallery-is-layout-flex\">\n<figure class=\"wp-lightbox-container\" data-wp-context=\"{&quot;imageId&quot;:&quot;69f26d370fb8f&quot;}\" data-wp-interactive=\"core\/image\" data-wp-key=\"69f26d370fb8f\"><img decoding=\"async\" data-wp-class--hide=\"state.isContentHidden\" data-wp-class--show=\"state.isContentVisible\" data-wp-init=\"callbacks.setButtonStyles\" data-wp-on--click=\"actions.showLightbox\" data-wp-on--load=\"callbacks.setButtonStyles\" data-wp-on-window--resize=\"callbacks.setButtonStyles\" data-id=\"23\" src=\"https:\/\/kevingiailevra.com\/wp-content\/uploads\/2018\/08\/airbnb-744x1024.png\" alt=\"\" \/><button\n\t\t\tclass=\"lightbox-trigger\"\n\t\t\ttype=\"button\"\n\t\t\taria-haspopup=\"dialog\"\n\t\t\taria-label=\"Enlarge\"\n\t\t\tdata-wp-init=\"callbacks.initTriggerButton\"\n\t\t\tdata-wp-on--click=\"actions.showLightbox\"\n\t\t\tdata-wp-style--right=\"state.imageButtonRight\"\n\t\t\tdata-wp-style--top=\"state.imageButtonTop\"\n\t\t>\n\t\t\t<svg xmlns=\"http:\/\/www.w3.org\/2000\/svg\" width=\"12\" height=\"12\" fill=\"none\" viewBox=\"0 0 12 12\">\n\t\t\t\t<path fill=\"#fff\" d=\"M2 0a2 2 0 0 0-2 2v2h1.5V2a.5.5 0 0 1 .5-.5h2V0H2Zm2 10.5H2a.5.5 0 0 1-.5-.5V8H0v2a2 2 0 0 0 2 2h2v-1.5ZM8 12v-1.5h2a.5.5 0 0 0 .5-.5V8H12v2a2 2 0 0 1-2 2H8Zm2-12a2 2 0 0 1 2 2v2h-1.5V2a.5.5 0 0 0-.5-.5H8V0h2Z\" \/>\n\t\t\t<\/svg>\n\t\t<\/button><\/figure>\n<\/figure>\n\n\n\n<figure class=\"wp-block-gallery-7 is-layout-flex wp-block-gallery-is-layout-flex is-layout-flow wp-container-core-column-is-layout-8a368f38 wp-block-column-is-layout-flow\">\n<figure data-wp-context=\"{&quot;imageId&quot;:&quot;69f26d3711124&quot;}\" data-wp-interactive=\"core\/image\" data-wp-key=\"69f26d3711124\" class=\"is-style-rounded--6 wp-lightbox-container\"><img decoding=\"async\" data-wp-class--hide=\"state.isContentHidden\" data-wp-class--show=\"state.isContentVisible\" data-wp-init=\"callbacks.setButtonStyles\" data-wp-on--click=\"actions.showLightbox\" data-wp-on--load=\"callbacks.setButtonStyles\" data-wp-on-window--resize=\"callbacks.setButtonStyles\" data-id=\"24\" style=\"aspect-ratio: 3\/4; object-fit: cover;\" src=\"https:\/\/kevingiailevra.com\/wp-content\/uploads\/2018\/08\/b6111937024943.57321f56d765b-724x1024.jpg\" alt=\"\" \/><button\n\t\t\tclass=\"lightbox-trigger\"\n\t\t\ttype=\"button\"\n\t\t\taria-haspopup=\"dialog\"\n\t\t\taria-label=\"Enlarge\"\n\t\t\tdata-wp-init=\"callbacks.initTriggerButton\"\n\t\t\tdata-wp-on--click=\"actions.showLightbox\"\n\t\t\tdata-wp-style--right=\"state.imageButtonRight\"\n\t\t\tdata-wp-style--top=\"state.imageButtonTop\"\n\t\t>\n\t\t\t<svg xmlns=\"http:\/\/www.w3.org\/2000\/svg\" width=\"12\" height=\"12\" fill=\"none\" viewBox=\"0 0 12 12\">\n\t\t\t\t<path fill=\"#fff\" d=\"M2 0a2 2 0 0 0-2 2v2h1.5V2a.5.5 0 0 1 .5-.5h2V0H2Zm2 10.5H2a.5.5 0 0 1-.5-.5V8H0v2a2 2 0 0 0 2 2h2v-1.5ZM8 12v-1.5h2a.5.5 0 0 0 .5-.5V8H12v2a2 2 0 0 1-2 2H8Zm2-12a2 2 0 0 1 2 2v2h-1.5V2a.5.5 0 0 0-.5-.5H8V0h2Z\" \/>\n\t\t\t<\/svg>\n\t\t<\/button><\/figure>\n<\/figure>\n\n\u00a0\n\n<figure class=\"wp-block-gallery-9 is-layout-flex wp-block-gallery-is-layout-flex\">\n<figure data-wp-context=\"{&quot;imageId&quot;:&quot;69f26d3712350&quot;}\" data-wp-interactive=\"core\/image\" data-wp-key=\"69f26d3712350\" class=\"is-style-rounded--8 wp-lightbox-container\"><img decoding=\"async\" data-wp-class--hide=\"state.isContentHidden\" data-wp-class--show=\"state.isContentVisible\" data-wp-init=\"callbacks.setButtonStyles\" data-wp-on--click=\"actions.showLightbox\" data-wp-on--load=\"callbacks.setButtonStyles\" data-wp-on-window--resize=\"callbacks.setButtonStyles\" data-id=\"25\" style=\"aspect-ratio: 3\/4; object-fit: cover;\" src=\"https:\/\/kevingiailevra.com\/wp-content\/uploads\/2018\/08\/capture-decran-2015-05-27-a-1136331446214500-realisation-fancybox.png\" alt=\"\" \/><button\n\t\t\tclass=\"lightbox-trigger\"\n\t\t\ttype=\"button\"\n\t\t\taria-haspopup=\"dialog\"\n\t\t\taria-label=\"Enlarge\"\n\t\t\tdata-wp-init=\"callbacks.initTriggerButton\"\n\t\t\tdata-wp-on--click=\"actions.showLightbox\"\n\t\t\tdata-wp-style--right=\"state.imageButtonRight\"\n\t\t\tdata-wp-style--top=\"state.imageButtonTop\"\n\t\t>\n\t\t\t<svg xmlns=\"http:\/\/www.w3.org\/2000\/svg\" width=\"12\" height=\"12\" fill=\"none\" viewBox=\"0 0 12 12\">\n\t\t\t\t<path fill=\"#fff\" d=\"M2 0a2 2 0 0 0-2 2v2h1.5V2a.5.5 0 0 1 .5-.5h2V0H2Zm2 10.5H2a.5.5 0 0 1-.5-.5V8H0v2a2 2 0 0 0 2 2h2v-1.5ZM8 12v-1.5h2a.5.5 0 0 0 .5-.5V8H12v2a2 2 0 0 1-2 2H8Zm2-12a2 2 0 0 1 2 2v2h-1.5V2a.5.5 0 0 0-.5-.5H8V0h2Z\" \/>\n\t\t\t<\/svg>\n\t\t<\/button><\/figure>\n<\/figure>\n\n\u00a0\n\n<figure>\n<iframe loading=\"lazy\" title=\"R\u00e9gions de France - Donner vie \u00e0 l&#039;avenir (30 sec)\" width=\"500\" height=\"281\" src=\"https:\/\/www.youtube.com\/embed\/m8Q6x3fxMW0?list=PL_AAnCzBRDwQA09r_C7n23BScTX5Leyvh\" frameborder=\"0\" allow=\"accelerometer; autoplay; clipboard-write; encrypted-media; gyroscope; picture-in-picture; web-share\" referrerpolicy=\"strict-origin-when-cross-origin\" allowfullscreen><\/iframe>\n<\/figure>\n\n\n\n\u00a0\n\n<figure class=\"is-layout-flow wp-container-core-column-is-layout-8a368f38 wp-block-column-is-layout-flow\">\n<iframe loading=\"lazy\" title=\"SUP CCM 4 5 30sec 01\" width=\"500\" height=\"375\" src=\"https:\/\/www.youtube.com\/embed\/bYlnc6iLZeM?feature=oembed\" frameborder=\"0\" allow=\"accelerometer; autoplay; clipboard-write; encrypted-media; gyroscope; picture-in-picture; web-share\" referrerpolicy=\"strict-origin-when-cross-origin\" allowfullscreen><\/iframe>\n<\/figure>\n\n\u00a0\n\n<figure>\n<iframe loading=\"lazy\" title=\"AFB I La Banque  C&#039;est plein de jobs a\u0300 de\u0301couvrir ! Chloe\u0301, charge\u0301e cliente\u0300le particuliers\" width=\"500\" height=\"375\" src=\"https:\/\/www.youtube.com\/embed\/cABXHTErBCs?feature=oembed\" frameborder=\"0\" allow=\"accelerometer; autoplay; clipboard-write; encrypted-media; gyroscope; picture-in-picture; web-share\" referrerpolicy=\"strict-origin-when-cross-origin\" allowfullscreen><\/iframe>\n<\/figure>\n\n\u00a0\n\n<figure class=\"wp-block-gallery-11 is-layout-flex wp-block-gallery-is-layout-flex\">\n<figure data-wp-context=\"{&quot;imageId&quot;:&quot;69f26d371398c&quot;}\" data-wp-interactive=\"core\/image\" data-wp-key=\"69f26d371398c\" class=\"is-style-rounded--10 wp-lightbox-container\"><img decoding=\"async\" data-wp-class--hide=\"state.isContentHidden\" data-wp-class--show=\"state.isContentVisible\" data-wp-init=\"callbacks.setButtonStyles\" data-wp-on--click=\"actions.showLightbox\" data-wp-on--load=\"callbacks.setButtonStyles\" data-wp-on-window--resize=\"callbacks.setButtonStyles\" data-id=\"1122\" src=\"https:\/\/kevingiailevra.com\/wp-content\/uploads\/2024\/12\/420956148_803231151640011_3022557743472938745_n-1024x1024.jpg\" alt=\"Woolite\" \/><button\n\t\t\tclass=\"lightbox-trigger\"\n\t\t\ttype=\"button\"\n\t\t\taria-haspopup=\"dialog\"\n\t\t\taria-label=\"Enlarge\"\n\t\t\tdata-wp-init=\"callbacks.initTriggerButton\"\n\t\t\tdata-wp-on--click=\"actions.showLightbox\"\n\t\t\tdata-wp-style--right=\"state.imageButtonRight\"\n\t\t\tdata-wp-style--top=\"state.imageButtonTop\"\n\t\t>\n\t\t\t<svg xmlns=\"http:\/\/www.w3.org\/2000\/svg\" width=\"12\" height=\"12\" fill=\"none\" viewBox=\"0 0 12 12\">\n\t\t\t\t<path fill=\"#fff\" d=\"M2 0a2 2 0 0 0-2 2v2h1.5V2a.5.5 0 0 1 .5-.5h2V0H2Zm2 10.5H2a.5.5 0 0 1-.5-.5V8H0v2a2 2 0 0 0 2 2h2v-1.5ZM8 12v-1.5h2a.5.5 0 0 0 .5-.5V8H12v2a2 2 0 0 1-2 2H8Zm2-12a2 2 0 0 1 2 2v2h-1.5V2a.5.5 0 0 0-.5-.5H8V0h2Z\" \/>\n\t\t\t<\/svg>\n\t\t<\/button><\/figure>\n<\/figure>\n\n\n\n","protected":false},"excerpt":{"rendered":"<p>Strat\u00e8ge cr\u00e9atif<\/p>\n","protected":false},"author":1,"featured_media":0,"parent":0,"menu_order":0,"comment_status":"closed","ping_status":"closed","template":"","meta":{"footnotes":""},"class_list":["post-1118","page","type-page","status-publish","hentry"],"yoast_head":"<!-- This site is optimized with the Yoast SEO plugin v27.5 - https:\/\/yoast.com\/product\/yoast-seo-wordpress\/ -->\n<title>(Fran\u00e7ais) Strat\u00e8gte cr\u00e9atif \u00e0 Montr\u00e9al<\/title>\n<meta name=\"description\" content=\"(Fran\u00e7ais) Id\u00e9ateur. Strat\u00e8ge cr\u00e9atif. Golden retriever humain. Creative strategist &amp; copywriter. Human golden retriever.\" \/>\n<meta name=\"robots\" content=\"index, follow, max-snippet:-1, max-image-preview:large, max-video-preview:-1\" \/>\n<link rel=\"canonical\" href=\"https:\/\/kevingiailevra.com\/portfolio\/\" \/>\n<meta property=\"og:locale\" content=\"en_US\" \/>\n<meta property=\"og:type\" content=\"article\" \/>\n<meta property=\"og:title\" content=\"[:fr]Strat\u00e8gte cr\u00e9atif \u00e0 Montr\u00e9al[:]\" \/>\n<meta property=\"og:description\" content=\"{:fr}Id\u00e9ateur. Strat\u00e8ge cr\u00e9atif. Golden retriever humain. Creative strategist &amp; copywriter. Human golden retriever. {:}\" \/>\n<meta property=\"og:url\" content=\"https:\/\/kevingiailevra.com\/portfolio\/\" \/>\n<meta property=\"og:site_name\" content=\"Kevin Giai-Levra\" \/>\n<meta property=\"article:modified_time\" content=\"2025-01-06T20:36:34+00:00\" \/>\n<meta property=\"og:image\" content=\"https:\/\/kevingiailevra.com\/wp-content\/uploads\/2018\/08\/citroen1.jpg\" \/>\n<meta name=\"twitter:card\" content=\"summary_large_image\" \/>\n<meta name=\"twitter:label1\" content=\"Est. reading time\" \/>\n\t<meta name=\"twitter:data1\" content=\"2 minutes\" \/>\n<script type=\"application\/ld+json\" class=\"yoast-schema-graph\">{\"@context\":\"https:\\\/\\\/schema.org\",\"@graph\":[{\"@type\":\"WebPage\",\"@id\":\"https:\\\/\\\/kevingiailevra.com\\\/portfolio\\\/\",\"url\":\"https:\\\/\\\/kevingiailevra.com\\\/portfolio\\\/\",\"name\":\"[:fr]Strat\u00e8gte cr\u00e9atif \u00e0 Montr\u00e9al[:]\",\"isPartOf\":{\"@id\":\"https:\\\/\\\/kevingiailevra.com\\\/#website\"},\"primaryImageOfPage\":{\"@id\":\"https:\\\/\\\/kevingiailevra.com\\\/portfolio\\\/#primaryimage\"},\"image\":{\"@id\":\"https:\\\/\\\/kevingiailevra.com\\\/portfolio\\\/#primaryimage\"},\"thumbnailUrl\":\"https:\\\/\\\/kevingiailevra.com\\\/wp-content\\\/uploads\\\/2018\\\/08\\\/citroen1.jpg\",\"datePublished\":\"2024-12-21T06:40:46+00:00\",\"dateModified\":\"2025-01-06T20:36:34+00:00\",\"description\":\"{:fr}Id\u00e9ateur. Strat\u00e8ge cr\u00e9atif. Golden retriever humain. Creative strategist & copywriter. Human golden retriever. {:}\",\"breadcrumb\":{\"@id\":\"https:\\\/\\\/kevingiailevra.com\\\/portfolio\\\/#breadcrumb\"},\"inLanguage\":\"en-US\",\"potentialAction\":[{\"@type\":\"ReadAction\",\"target\":[\"https:\\\/\\\/kevingiailevra.com\\\/portfolio\\\/\"]}]},{\"@type\":\"ImageObject\",\"inLanguage\":\"en-US\",\"@id\":\"https:\\\/\\\/kevingiailevra.com\\\/portfolio\\\/#primaryimage\",\"url\":\"https:\\\/\\\/kevingiailevra.com\\\/wp-content\\\/uploads\\\/2018\\\/08\\\/citroen1.jpg\",\"contentUrl\":\"https:\\\/\\\/kevingiailevra.com\\\/wp-content\\\/uploads\\\/2018\\\/08\\\/citroen1.jpg\"},{\"@type\":\"BreadcrumbList\",\"@id\":\"https:\\\/\\\/kevingiailevra.com\\\/portfolio\\\/#breadcrumb\",\"itemListElement\":[{\"@type\":\"ListItem\",\"position\":1,\"name\":\"Accueil\",\"item\":\"https:\\\/\\\/kevingiailevra.com\\\/\"},{\"@type\":\"ListItem\",\"position\":2,\"name\":\"Kevin Giai-Levra\"}]},{\"@type\":\"WebSite\",\"@id\":\"https:\\\/\\\/kevingiailevra.com\\\/#website\",\"url\":\"https:\\\/\\\/kevingiailevra.com\\\/\",\"name\":\"Kevin Giai-Levra\",\"description\":\"Creative copywriter &amp; strategist. Human golden retriever.\",\"potentialAction\":[{\"@type\":\"SearchAction\",\"target\":{\"@type\":\"EntryPoint\",\"urlTemplate\":\"https:\\\/\\\/kevingiailevra.com\\\/?s={search_term_string}\"},\"query-input\":{\"@type\":\"PropertyValueSpecification\",\"valueRequired\":true,\"valueName\":\"search_term_string\"}}],\"inLanguage\":\"en-US\"}]}<\/script>\n<!-- \/ Yoast SEO plugin. -->","yoast_head_json":{"title":"(Fran\u00e7ais) Strat\u00e8gte cr\u00e9atif \u00e0 Montr\u00e9al","description":"(Fran\u00e7ais) Id\u00e9ateur. Strat\u00e8ge cr\u00e9atif. Golden retriever humain. Creative strategist & copywriter. Human golden retriever.","robots":{"index":"index","follow":"follow","max-snippet":"max-snippet:-1","max-image-preview":"max-image-preview:large","max-video-preview":"max-video-preview:-1"},"canonical":"https:\/\/kevingiailevra.com\/portfolio\/","og_locale":"en_US","og_type":"article","og_title":"[:fr]Strat\u00e8gte cr\u00e9atif \u00e0 Montr\u00e9al[:]","og_description":"{:fr}Id\u00e9ateur. Strat\u00e8ge cr\u00e9atif. Golden retriever humain. Creative strategist & copywriter. Human golden retriever. {:}","og_url":"https:\/\/kevingiailevra.com\/portfolio\/","og_site_name":"Kevin Giai-Levra","article_modified_time":"2025-01-06T20:36:34+00:00","og_image":[{"url":"https:\/\/kevingiailevra.com\/wp-content\/uploads\/2018\/08\/citroen1.jpg","type":"","width":"","height":""}],"twitter_card":"summary_large_image","twitter_misc":{"Est. reading time":"2 minutes"},"schema":{"@context":"https:\/\/schema.org","@graph":[{"@type":"WebPage","@id":"https:\/\/kevingiailevra.com\/portfolio\/","url":"https:\/\/kevingiailevra.com\/portfolio\/","name":"[:fr]Strat\u00e8gte cr\u00e9atif \u00e0 Montr\u00e9al[:]","isPartOf":{"@id":"https:\/\/kevingiailevra.com\/#website"},"primaryImageOfPage":{"@id":"https:\/\/kevingiailevra.com\/portfolio\/#primaryimage"},"image":{"@id":"https:\/\/kevingiailevra.com\/portfolio\/#primaryimage"},"thumbnailUrl":"https:\/\/kevingiailevra.com\/wp-content\/uploads\/2018\/08\/citroen1.jpg","datePublished":"2024-12-21T06:40:46+00:00","dateModified":"2025-01-06T20:36:34+00:00","description":"{:fr}Id\u00e9ateur. Strat\u00e8ge cr\u00e9atif. Golden retriever humain. Creative strategist & copywriter. Human golden retriever. {:}","breadcrumb":{"@id":"https:\/\/kevingiailevra.com\/portfolio\/#breadcrumb"},"inLanguage":"en-US","potentialAction":[{"@type":"ReadAction","target":["https:\/\/kevingiailevra.com\/portfolio\/"]}]},{"@type":"ImageObject","inLanguage":"en-US","@id":"https:\/\/kevingiailevra.com\/portfolio\/#primaryimage","url":"https:\/\/kevingiailevra.com\/wp-content\/uploads\/2018\/08\/citroen1.jpg","contentUrl":"https:\/\/kevingiailevra.com\/wp-content\/uploads\/2018\/08\/citroen1.jpg"},{"@type":"BreadcrumbList","@id":"https:\/\/kevingiailevra.com\/portfolio\/#breadcrumb","itemListElement":[{"@type":"ListItem","position":1,"name":"Accueil","item":"https:\/\/kevingiailevra.com\/"},{"@type":"ListItem","position":2,"name":"Kevin Giai-Levra"}]},{"@type":"WebSite","@id":"https:\/\/kevingiailevra.com\/#website","url":"https:\/\/kevingiailevra.com\/","name":"Kevin Giai-Levra","description":"Creative copywriter &amp; strategist. Human golden retriever.","potentialAction":[{"@type":"SearchAction","target":{"@type":"EntryPoint","urlTemplate":"https:\/\/kevingiailevra.com\/?s={search_term_string}"},"query-input":{"@type":"PropertyValueSpecification","valueRequired":true,"valueName":"search_term_string"}}],"inLanguage":"en-US"}]}},"_links":{"self":[{"href":"https:\/\/kevingiailevra.com\/en\/wp-json\/wp\/v2\/pages\/1118","targetHints":{"allow":["GET"]}}],"collection":[{"href":"https:\/\/kevingiailevra.com\/en\/wp-json\/wp\/v2\/pages"}],"about":[{"href":"https:\/\/kevingiailevra.com\/en\/wp-json\/wp\/v2\/types\/page"}],"author":[{"embeddable":true,"href":"https:\/\/kevingiailevra.com\/en\/wp-json\/wp\/v2\/users\/1"}],"replies":[{"embeddable":true,"href":"https:\/\/kevingiailevra.com\/en\/wp-json\/wp\/v2\/comments?post=1118"}],"version-history":[{"count":15,"href":"https:\/\/kevingiailevra.com\/en\/wp-json\/wp\/v2\/pages\/1118\/revisions"}],"predecessor-version":[{"id":1193,"href":"https:\/\/kevingiailevra.com\/en\/wp-json\/wp\/v2\/pages\/1118\/revisions\/1193"}],"wp:attachment":[{"href":"https:\/\/kevingiailevra.com\/en\/wp-json\/wp\/v2\/media?parent=1118"}],"curies":[{"name":"wp","href":"https:\/\/api.w.org\/{rel}","templated":true}]}}